{"id":781,"date":"2022-03-23T09:33:30","date_gmt":"2022-03-23T08:33:30","guid":{"rendered":"http:\/\/www.swisscos.swiss\/?page_id=781"},"modified":"2022-03-23T09:33:30","modified_gmt":"2022-03-23T08:33:30","slug":"%d0%bc%d0%b0%d1%80%d0%ba%d0%b8","status":"publish","type":"page","link":"https:\/\/www.swisscos.swiss\/ru\/%d1%87%d0%bb%d0%b5%d0%bd%d1%8b\/%d0%bc%d0%b0%d1%80%d0%ba%d0%b8\/","title":{"rendered":"\u041c\u0430\u0440\u043a\u0438"},"content":{"rendered":"<p>[vc_row full_width=&#187;stretch_row&#187; content_placement=&#187;middle&#187; el_class=&#187;banner&#187; css=&#187;.vc_custom_1646743559740{background-image: url(http:\/\/www.swisscos.swiss\/wp-content\/uploads\/2022\/03\/background-membres.jpg?id=135) !important;}&#187;][vc_column][vc_column_text]<\/p>\n<h2 style=\"text-align: center;\">\u041d\u0430\u0448\u0438 \u0447\u043b\u0435\u043d\u044b<\/h2>\n<h3 style=\"text-align: center;\">\u041c\u0430\u0440\u043a\u0438<\/h3>\n<p>[\/vc_column_text][\/vc_column][\/vc_row][vc_row full_width=&#187;stretch_row&#187; content_placement=&#187;middle&#187; el_class=&#187;banner-mobile banner&#187; css=&#187;.vc_custom_1647607843621{background-image: url(http:\/\/www.swisscos.swiss\/wp-content\/uploads\/2022\/03\/background-membres-mobile.png?id=270) !important;}&#187;][vc_column][vc_column_text]<\/p>\n<h2 style=\"text-align: center;\">\u041d\u0430\u0448\u0438 \u0447\u043b\u0435\u043d\u044b<\/h2>\n<h3 style=\"text-align: center;\">\u041c\u0430\u0440\u043a\u0438<\/h3>\n<p>[\/vc_column_text][\/vc_column][\/vc_row][vc_row][vc_column]<div class='membres'><div class='row'><div class='col-lg-3 col-6 membre'><a href='https:\/\/www.swisscos.swiss\/ru\/membre\/72k\/'><\/a><div class='logo d-flex align-items-center justify-content-center flex-column'><img src='https:\/\/www.swisscos.swiss\/wp-content\/uploads\/2024\/05\/LOGO_72k.jpg' \/><\/div><div class='titre'>72k<\/div><\/div><div class='col-lg-3 col-6 membre'><a href='https:\/\/www.swisscos.swiss\/ru\/membre\/laboratoires-biologiques-arval-s-a-3\/'><\/a><div class='logo d-flex align-items-center justify-content-center flex-column'><img src='https:\/\/www.swisscos.swiss\/wp-content\/uploads\/2022\/03\/LOGO_Cellcosmet_NEW.jpg' \/><\/div><div class='titre'>CELLAP LABORATOIRE SA<\/div><\/div><div class='col-lg-3 col-6 membre'><a href='https:\/\/www.swisscos.swiss\/ru\/membre\/laboratoires-biologiques-arval-s-a-13\/'><\/a><div class='logo d-flex align-items-center justify-content-center flex-column'><img src='https:\/\/www.swisscos.swiss\/wp-content\/uploads\/2022\/03\/Swiss_line.jpg' \/><\/div><div class='titre'>Dermalab<\/div><\/div><div class='col-lg-3 col-6 membre'><a href='https:\/\/www.swisscos.swiss\/ru\/membre\/dr-levy-switzerland\/'><\/a><div class='logo d-flex align-items-center justify-content-center flex-column'><img src='https:\/\/www.swisscos.swiss\/wp-content\/uploads\/2024\/01\/LOGO_Dr-Levy_NEW.jpg' \/><\/div><div class='titre'>Dr Levy Switzerland<\/div><\/div><\/div><div class='row'><div class='col-lg-3 col-6 membre'><a href='https:\/\/www.swisscos.swiss\/ru\/membre\/evoe\/'><\/a><div class='logo d-flex align-items-center justify-content-center flex-column'><img src='https:\/\/www.swisscos.swiss\/wp-content\/uploads\/2026\/02\/LOGO_Evoe.jpg' \/><\/div><div class='titre'>Evo\u00e9<\/div><\/div><div class='col-lg-3 col-6 membre'><a href='https:\/\/www.swisscos.swiss\/ru\/membre\/laboratoires-biologiques-arval-s-a-8\/'><\/a><div class='logo d-flex align-items-center justify-content-center flex-column'><img src='https:\/\/www.swisscos.swiss\/wp-content\/uploads\/2022\/03\/jouvence_eternelle.png' \/><\/div><div class='titre'>Jouvence Eternelle<\/div><\/div><div class='col-lg-3 col-6 membre'><a href='https:\/\/www.swisscos.swiss\/ru\/membre\/kart-1979\/'><\/a><div class='logo d-flex align-items-center justify-content-center flex-column'><img src='https:\/\/www.swisscos.swiss\/wp-content\/uploads\/2026\/02\/LOGO_Kart.jpg' \/><\/div><div class='titre'>KART 1979<\/div><\/div><div class='col-lg-3 col-6 membre'><a href='https:\/\/www.swisscos.swiss\/ru\/membre\/laboratoires-biologiques-arval-s-a-5\/'><\/a><div class='logo d-flex align-items-center justify-content-center flex-column'><img src='https:\/\/www.swisscos.swiss\/wp-content\/uploads\/2022\/03\/LaPeau.png' \/><\/div><div class='titre'>LA PEAU by BeFutur Suisse SA<\/div><\/div><\/div><div class='row'><div class='col-lg-3 col-6 membre'><a href='https:\/\/www.swisscos.swiss\/ru\/membre\/la-villosa\/'><\/a><div class='logo d-flex align-items-center justify-content-center flex-column'><img src='https:\/\/www.swisscos.swiss\/wp-content\/uploads\/2023\/10\/LOGO_La-Villosa.jpg' \/><\/div><div class='titre'>La Villosa<\/div><\/div><div class='col-lg-3 col-6 membre'><a href='https:\/\/www.swisscos.swiss\/ru\/membre\/laboratoires-biologiques-arval-s-a-9\/'><\/a><div class='logo d-flex align-items-center justify-content-center flex-column'><img src='https:\/\/www.swisscos.swiss\/wp-content\/uploads\/2022\/03\/HORMETA.png' \/><\/div><div class='titre'>Laboratoire HORMETA SA<\/div><\/div><div class='col-lg-3 col-6 membre'><a href='https:\/\/www.swisscos.swiss\/ru\/membre\/laboratoires-biologiques-arval-s-a-2\/'><\/a><div class='logo d-flex align-items-center justify-content-center flex-column'><img src='https:\/\/www.swisscos.swiss\/wp-content\/uploads\/2022\/03\/bioligo-2.png' \/><\/div><div class='titre'>Laboratoires Bioligo SA<\/div><\/div><div class='col-lg-3 col-6 membre'><a href='https:\/\/www.swisscos.swiss\/ru\/membre\/laboratoires-genolier-sa\/'><\/a><div class='logo d-flex align-items-center justify-content-center flex-column'><img src='https:\/\/www.swisscos.swiss\/wp-content\/uploads\/2022\/03\/nescens.png' \/><\/div><div class='titre'>LABORATOIRES GENOLIER SA<\/div><\/div><\/div><div class='row'><div class='col-lg-3 col-6 membre'><a href='https:\/\/www.swisscos.swiss\/ru\/membre\/laboratoires-biologiques-arval-s-a-10\/'><\/a><div class='logo d-flex align-items-center justify-content-center flex-column'><img src='https:\/\/www.swisscos.swiss\/wp-content\/uploads\/2022\/03\/Helenere.png' \/><\/div><div class='titre'>Les Laboratoires H\u00e9l\u00e9n\u00e8re SA<\/div><\/div><div class='col-lg-3 col-6 membre'><a href='https:\/\/www.swisscos.swiss\/ru\/membre\/laboratoires-biologiques-arval-s-a-4\/'><\/a><div class='logo d-flex align-items-center justify-content-center flex-column'><img src='https:\/\/www.swisscos.swiss\/wp-content\/uploads\/2026\/02\/LOGO_Mavala.jpg' \/><\/div><div class='titre'>Mavala International<\/div><\/div><div class='col-lg-3 col-6 membre'><a href='https:\/\/www.swisscos.swiss\/ru\/membre\/montreux-skincare\/'><\/a><div class='logo d-flex align-items-center justify-content-center flex-column'><img src='https:\/\/www.swisscos.swiss\/wp-content\/uploads\/2022\/10\/LOGO_Montreux_Skin-care.jpg' \/><\/div><div class='titre'>Montreux Skincare<\/div><\/div><div class='col-lg-3 col-6 membre'><a href='https:\/\/www.swisscos.swiss\/ru\/membre\/laboratoires-biologiques-arval-s-a-7\/'><\/a><div class='logo d-flex align-items-center justify-content-center flex-column'><img src='https:\/\/www.swisscos.swiss\/wp-content\/uploads\/2022\/03\/Illyssia.png' \/><\/div><div class='titre'>O.D.M. DIFFUSIONS COSM\u00c9TIQUES S.A.<\/div><\/div><\/div><div class='row'><div class='col-lg-3 col-6 membre'><a href='https:\/\/www.swisscos.swiss\/ru\/membre\/pp-produits-prestiges-sa\/'><\/a><div class='logo d-flex align-items-center justify-content-center flex-column'><img src='https:\/\/www.swisscos.swiss\/wp-content\/uploads\/2023\/03\/LOGO_SwissPerfection.jpg' \/><\/div><div class='titre'>PP Produits Prestiges SA<\/div><\/div><div class='col-lg-3 col-6 membre'><a href='https:\/\/www.swisscos.swiss\/ru\/membre\/silhouet-tone-suisse-sa\/'><\/a><div class='logo d-flex align-items-center justify-content-center flex-column'><img src='https:\/\/www.swisscos.swiss\/wp-content\/uploads\/2022\/03\/vivescence.png' \/><\/div><div class='titre'>Silhouet-Tone (Suisse) SA<\/div><\/div><div class='col-lg-3 col-6 membre'><a href='https:\/\/www.swisscos.swiss\/ru\/membre\/skinminute-diffulice-sarl\/'><\/a><div class='logo d-flex align-items-center justify-content-center flex-column'><img src='https:\/\/www.swisscos.swiss\/wp-content\/uploads\/2022\/03\/LOGO_SKIN-MINUTE.jpg' \/><\/div><div class='titre'>SKIN\u2019MINUTE<\/div><\/div><div class='col-lg-3 col-6 membre'><a href='https:\/\/www.swisscos.swiss\/ru\/membre\/swisskin\/'><\/a><div class='logo d-flex align-items-center justify-content-center flex-column'><img src='https:\/\/www.swisscos.swiss\/wp-content\/uploads\/2024\/05\/LOGO_SwissSkin.jpg' \/><\/div><div class='titre'>SWISSKIN<\/div><\/div><\/div><div class='row'><div class='col-lg-3 col-6 membre'><a href='https:\/\/www.swisscos.swiss\/ru\/membre\/swisso-logical\/'><\/a><div class='logo d-flex align-items-center justify-content-center flex-column'><img src='https:\/\/www.swisscos.swiss\/wp-content\/uploads\/2026\/02\/LOGO_Swisso_Logical.jpg' \/><\/div><div class='titre'>Swisso Logical<\/div><\/div><\/div><\/div>[\/vc_column][\/vc_row]<\/p>\n","protected":false},"excerpt":{"rendered":"<p>[vc_row full_width=&#187;stretch_row&#187; content_placement=&#187;middle&#187; el_class=&#187;banner&#187; css=&#187;.vc_custom_1646743559740{background-image: url(http:\/\/www.swisscos.swiss\/wp-content\/uploads\/2022\/03\/background-membres.jpg?id=135) !important;}&#187;][vc_column][vc_column_text] \u041d\u0430\u0448\u0438 \u0447\u043b\u0435\u043d\u044b \u041c\u0430\u0440\u043a\u0438 [\/vc_column_text][\/vc_column][\/vc_row][vc_row full_width=&#187;stretch_row&#187; content_placement=&#187;middle&#187; el_class=&#187;banner-mobile banner&#187; css=&#187;.vc_custom_1647607843621{background-image: url(http:\/\/www.swisscos.swiss\/wp-content\/uploads\/2022\/03\/background-membres-mobile.png?id=270) !important;}&#187;][vc_column][vc_column_text] \u041d\u0430\u0448\u0438 \u0447\u043b\u0435\u043d\u044b \u041c\u0430\u0440\u043a\u0438 [\/vc_column_text][\/vc_column][\/vc_row][vc_row][vc_column][\/vc_column][\/vc_row]<\/p>\n","protected":false},"author":1,"featured_media":0,"parent":779,"menu_order":0,"comment_status":"closed","ping_status":"closed","template":"","meta":{"_acf_changed":false,"footnotes":""},"class_list":["post-781","page","type-page","status-publish","hentry"],"acf":[],"yoast_head":"<!-- This site is optimized with the Yoast SEO plugin v24.3 - https:\/\/yoast.com\/wordpress\/plugins\/seo\/ -->\n<title>\u041c\u0430\u0440\u043a\u0438 - Swisscos<\/title>\n<meta name=\"robots\" content=\"index, follow, max-snippet:-1, max-image-preview:large, max-video-preview:-1\" \/>\n<link rel=\"canonical\" href=\"https:\/\/www.swisscos.swiss\/ru\/%d1%87%d0%bb%d0%b5%d0%bd%d1%8b\/%d0%bc%d0%b0%d1%80%d0%ba%d0%b8\/\" \/>\n<meta property=\"og:locale\" content=\"ru_RU\" \/>\n<meta property=\"og:type\" content=\"article\" \/>\n<meta property=\"og:title\" content=\"\u041c\u0430\u0440\u043a\u0438 - Swisscos\" \/>\n<meta property=\"og:description\" content=\"[vc_row full_width=&#187;stretch_row&#187; content_placement=&#187;middle&#187; el_class=&#187;banner&#187; css=&#187;.vc_custom_1646743559740{background-image: url(http:\/\/www.swisscos.swiss\/wp-content\/uploads\/2022\/03\/background-membres.jpg?id=135) !important;}&#187;][vc_column][vc_column_text] \u041d\u0430\u0448\u0438 \u0447\u043b\u0435\u043d\u044b \u041c\u0430\u0440\u043a\u0438 [\/vc_column_text][\/vc_column][\/vc_row][vc_row full_width=&#187;stretch_row&#187; content_placement=&#187;middle&#187; el_class=&#187;banner-mobile banner&#187; css=&#187;.vc_custom_1647607843621{background-image: url(http:\/\/www.swisscos.swiss\/wp-content\/uploads\/2022\/03\/background-membres-mobile.png?id=270) !important;}&#187;][vc_column][vc_column_text] \u041d\u0430\u0448\u0438 \u0447\u043b\u0435\u043d\u044b \u041c\u0430\u0440\u043a\u0438 [\/vc_column_text][\/vc_column][\/vc_row][vc_row][vc_column][\/vc_column][\/vc_row]\" \/>\n<meta property=\"og:url\" content=\"https:\/\/www.swisscos.swiss\/ru\/%d1%87%d0%bb%d0%b5%d0%bd%d1%8b\/%d0%bc%d0%b0%d1%80%d0%ba%d0%b8\/\" \/>\n<meta property=\"og:site_name\" content=\"Swisscos\" \/>\n<meta name=\"twitter:card\" content=\"summary_large_image\" \/>\n<script type=\"application\/ld+json\" class=\"yoast-schema-graph\">{\"@context\":\"https:\/\/schema.org\",\"@graph\":[{\"@type\":\"WebPage\",\"@id\":\"https:\/\/www.swisscos.swiss\/ru\/%d1%87%d0%bb%d0%b5%d0%bd%d1%8b\/%d0%bc%d0%b0%d1%80%d0%ba%d0%b8\/\",\"url\":\"https:\/\/www.swisscos.swiss\/ru\/%d1%87%d0%bb%d0%b5%d0%bd%d1%8b\/%d0%bc%d0%b0%d1%80%d0%ba%d0%b8\/\",\"name\":\"\u041c\u0430\u0440\u043a\u0438 - Swisscos\",\"isPartOf\":{\"@id\":\"https:\/\/www.swisscos.swiss\/ru\/#website\"},\"datePublished\":\"2022-03-23T08:33:30+00:00\",\"dateModified\":\"2022-03-23T08:33:30+00:00\",\"breadcrumb\":{\"@id\":\"https:\/\/www.swisscos.swiss\/ru\/%d1%87%d0%bb%d0%b5%d0%bd%d1%8b\/%d0%bc%d0%b0%d1%80%d0%ba%d0%b8\/#breadcrumb\"},\"inLanguage\":\"ru-RU\",\"potentialAction\":[{\"@type\":\"ReadAction\",\"target\":[\"https:\/\/www.swisscos.swiss\/ru\/%d1%87%d0%bb%d0%b5%d0%bd%d1%8b\/%d0%bc%d0%b0%d1%80%d0%ba%d0%b8\/\"]}]},{\"@type\":\"BreadcrumbList\",\"@id\":\"https:\/\/www.swisscos.swiss\/ru\/%d1%87%d0%bb%d0%b5%d0%bd%d1%8b\/%d0%bc%d0%b0%d1%80%d0%ba%d0%b8\/#breadcrumb\",\"itemListElement\":[{\"@type\":\"ListItem\",\"position\":1,\"name\":\"Accueil\",\"item\":\"https:\/\/www.swisscos.swiss\/ru\/\"},{\"@type\":\"ListItem\",\"position\":2,\"name\":\"\u0427\u043b\u0435\u043d\u044b\",\"item\":\"https:\/\/www.swisscos.swiss\/ru\/%d1%87%d0%bb%d0%b5%d0%bd%d1%8b\/\"},{\"@type\":\"ListItem\",\"position\":3,\"name\":\"\u041c\u0430\u0440\u043a\u0438\"}]},{\"@type\":\"WebSite\",\"@id\":\"https:\/\/www.swisscos.swiss\/ru\/#website\",\"url\":\"https:\/\/www.swisscos.swiss\/ru\/\",\"name\":\"Swisscos\",\"description\":\"Un site utilisant WordPress\",\"publisher\":{\"@id\":\"https:\/\/www.swisscos.swiss\/ru\/#organization\"},\"potentialAction\":[{\"@type\":\"SearchAction\",\"target\":{\"@type\":\"EntryPoint\",\"urlTemplate\":\"https:\/\/www.swisscos.swiss\/ru\/?s={search_term_string}\"},\"query-input\":{\"@type\":\"PropertyValueSpecification\",\"valueRequired\":true,\"valueName\":\"search_term_string\"}}],\"inLanguage\":\"ru-RU\"},{\"@type\":\"Organization\",\"@id\":\"https:\/\/www.swisscos.swiss\/ru\/#organization\",\"name\":\"Swisscos\",\"url\":\"https:\/\/www.swisscos.swiss\/ru\/\",\"logo\":{\"@type\":\"ImageObject\",\"inLanguage\":\"ru-RU\",\"@id\":\"https:\/\/www.swisscos.swiss\/ru\/#\/schema\/logo\/image\/\",\"url\":\"https:\/\/www.swisscos.swiss\/wp-content\/uploads\/2022\/03\/logo-1.png\",\"contentUrl\":\"https:\/\/www.swisscos.swiss\/wp-content\/uploads\/2022\/03\/logo-1.png\",\"width\":256,\"height\":256,\"caption\":\"Swisscos\"},\"image\":{\"@id\":\"https:\/\/www.swisscos.swiss\/ru\/#\/schema\/logo\/image\/\"},\"sameAs\":[\"https:\/\/www.instagram.com\/swisscos.swiss\/?hl=fr\",\"https:\/\/www.linkedin.com\/in\/swisscos\/\"]}]}<\/script>\n<!-- \/ Yoast SEO plugin. -->","yoast_head_json":{"title":"\u041c\u0430\u0440\u043a\u0438 - Swisscos","robots":{"index":"index","follow":"follow","max-snippet":"max-snippet:-1","max-image-preview":"max-image-preview:large","max-video-preview":"max-video-preview:-1"},"canonical":"https:\/\/www.swisscos.swiss\/ru\/%d1%87%d0%bb%d0%b5%d0%bd%d1%8b\/%d0%bc%d0%b0%d1%80%d0%ba%d0%b8\/","og_locale":"ru_RU","og_type":"article","og_title":"\u041c\u0430\u0440\u043a\u0438 - Swisscos","og_description":"[vc_row full_width=&#187;stretch_row&#187; content_placement=&#187;middle&#187; el_class=&#187;banner&#187; css=&#187;.vc_custom_1646743559740{background-image: url(http:\/\/www.swisscos.swiss\/wp-content\/uploads\/2022\/03\/background-membres.jpg?id=135) !important;}&#187;][vc_column][vc_column_text] \u041d\u0430\u0448\u0438 \u0447\u043b\u0435\u043d\u044b \u041c\u0430\u0440\u043a\u0438 [\/vc_column_text][\/vc_column][\/vc_row][vc_row full_width=&#187;stretch_row&#187; content_placement=&#187;middle&#187; el_class=&#187;banner-mobile banner&#187; css=&#187;.vc_custom_1647607843621{background-image: url(http:\/\/www.swisscos.swiss\/wp-content\/uploads\/2022\/03\/background-membres-mobile.png?id=270) !important;}&#187;][vc_column][vc_column_text] \u041d\u0430\u0448\u0438 \u0447\u043b\u0435\u043d\u044b \u041c\u0430\u0440\u043a\u0438 [\/vc_column_text][\/vc_column][\/vc_row][vc_row][vc_column][\/vc_column][\/vc_row]","og_url":"https:\/\/www.swisscos.swiss\/ru\/%d1%87%d0%bb%d0%b5%d0%bd%d1%8b\/%d0%bc%d0%b0%d1%80%d0%ba%d0%b8\/","og_site_name":"Swisscos","twitter_card":"summary_large_image","schema":{"@context":"https:\/\/schema.org","@graph":[{"@type":"WebPage","@id":"https:\/\/www.swisscos.swiss\/ru\/%d1%87%d0%bb%d0%b5%d0%bd%d1%8b\/%d0%bc%d0%b0%d1%80%d0%ba%d0%b8\/","url":"https:\/\/www.swisscos.swiss\/ru\/%d1%87%d0%bb%d0%b5%d0%bd%d1%8b\/%d0%bc%d0%b0%d1%80%d0%ba%d0%b8\/","name":"\u041c\u0430\u0440\u043a\u0438 - Swisscos","isPartOf":{"@id":"https:\/\/www.swisscos.swiss\/ru\/#website"},"datePublished":"2022-03-23T08:33:30+00:00","dateModified":"2022-03-23T08:33:30+00:00","breadcrumb":{"@id":"https:\/\/www.swisscos.swiss\/ru\/%d1%87%d0%bb%d0%b5%d0%bd%d1%8b\/%d0%bc%d0%b0%d1%80%d0%ba%d0%b8\/#breadcrumb"},"inLanguage":"ru-RU","potentialAction":[{"@type":"ReadAction","target":["https:\/\/www.swisscos.swiss\/ru\/%d1%87%d0%bb%d0%b5%d0%bd%d1%8b\/%d0%bc%d0%b0%d1%80%d0%ba%d0%b8\/"]}]},{"@type":"BreadcrumbList","@id":"https:\/\/www.swisscos.swiss\/ru\/%d1%87%d0%bb%d0%b5%d0%bd%d1%8b\/%d0%bc%d0%b0%d1%80%d0%ba%d0%b8\/#breadcrumb","itemListElement":[{"@type":"ListItem","position":1,"name":"Accueil","item":"https:\/\/www.swisscos.swiss\/ru\/"},{"@type":"ListItem","position":2,"name":"\u0427\u043b\u0435\u043d\u044b","item":"https:\/\/www.swisscos.swiss\/ru\/%d1%87%d0%bb%d0%b5%d0%bd%d1%8b\/"},{"@type":"ListItem","position":3,"name":"\u041c\u0430\u0440\u043a\u0438"}]},{"@type":"WebSite","@id":"https:\/\/www.swisscos.swiss\/ru\/#website","url":"https:\/\/www.swisscos.swiss\/ru\/","name":"Swisscos","description":"Un site utilisant WordPress","publisher":{"@id":"https:\/\/www.swisscos.swiss\/ru\/#organization"},"potentialAction":[{"@type":"SearchAction","target":{"@type":"EntryPoint","urlTemplate":"https:\/\/www.swisscos.swiss\/ru\/?s={search_term_string}"},"query-input":{"@type":"PropertyValueSpecification","valueRequired":true,"valueName":"search_term_string"}}],"inLanguage":"ru-RU"},{"@type":"Organization","@id":"https:\/\/www.swisscos.swiss\/ru\/#organization","name":"Swisscos","url":"https:\/\/www.swisscos.swiss\/ru\/","logo":{"@type":"ImageObject","inLanguage":"ru-RU","@id":"https:\/\/www.swisscos.swiss\/ru\/#\/schema\/logo\/image\/","url":"https:\/\/www.swisscos.swiss\/wp-content\/uploads\/2022\/03\/logo-1.png","contentUrl":"https:\/\/www.swisscos.swiss\/wp-content\/uploads\/2022\/03\/logo-1.png","width":256,"height":256,"caption":"Swisscos"},"image":{"@id":"https:\/\/www.swisscos.swiss\/ru\/#\/schema\/logo\/image\/"},"sameAs":["https:\/\/www.instagram.com\/swisscos.swiss\/?hl=fr","https:\/\/www.linkedin.com\/in\/swisscos\/"]}]}},"_links":{"self":[{"href":"https:\/\/www.swisscos.swiss\/ru\/wp-json\/wp\/v2\/pages\/781","targetHints":{"allow":["GET"]}}],"collection":[{"href":"https:\/\/www.swisscos.swiss\/ru\/wp-json\/wp\/v2\/pages"}],"about":[{"href":"https:\/\/www.swisscos.swiss\/ru\/wp-json\/wp\/v2\/types\/page"}],"author":[{"embeddable":true,"href":"https:\/\/www.swisscos.swiss\/ru\/wp-json\/wp\/v2\/users\/1"}],"replies":[{"embeddable":true,"href":"https:\/\/www.swisscos.swiss\/ru\/wp-json\/wp\/v2\/comments?post=781"}],"version-history":[{"count":1,"href":"https:\/\/www.swisscos.swiss\/ru\/wp-json\/wp\/v2\/pages\/781\/revisions"}],"predecessor-version":[{"id":782,"href":"https:\/\/www.swisscos.swiss\/ru\/wp-json\/wp\/v2\/pages\/781\/revisions\/782"}],"up":[{"embeddable":true,"href":"https:\/\/www.swisscos.swiss\/ru\/wp-json\/wp\/v2\/pages\/779"}],"wp:attachment":[{"href":"https:\/\/www.swisscos.swiss\/ru\/wp-json\/wp\/v2\/media?parent=781"}],"curies":[{"name":"wp","href":"https:\/\/api.w.org\/{rel}","templated":true}]}}