{"id":1410,"date":"2023-08-24T14:13:50","date_gmt":"2023-08-24T12:13:50","guid":{"rendered":"https:\/\/www.swisscos.swiss\/privacy-policy\/"},"modified":"2023-08-24T14:20:39","modified_gmt":"2023-08-24T12:20:39","slug":"privacy-policy","status":"publish","type":"page","link":"https:\/\/www.swisscos.swiss\/ko\/privacy-policy\/","title":{"rendered":"Privacy policy"},"content":{"rendered":"<p>[vc_row full_width=&#8221;stretch_row&#8221; content_placement=&#8221;middle&#8221; el_class=&#8221;banner&#8221; css=&#8221;.vc_custom_1647251881119{background-image: url(http:\/\/www.swisscos.swiss\/wp-content\/uploads\/2022\/03\/background-contact.jpg?id=204) !important;}&#8221;][vc_column][vc_column_text]<\/p>\n<h2 style=\"text-align: center;\">Privacy policy<\/h2>\n<p>[\/vc_column_text][\/vc_column][\/vc_row][vc_row][vc_column][vc_column_text]<\/p>\n<h2><strong>Privacy policy<\/strong><\/h2>\n<p>Cette politique de confidentialit\u00e9 (\u201cpolitique\u201d) vous aidera \u00e0 comprendre comment Swisscos utilise et prot\u00e8ge les donn\u00e9es que vous nous fournissez lorsque vous visitez et utilisez www.swisscos.swiss.<\/p>\n<p>Nous nous r\u00e9servons le droit de modifier cette politique \u00e0 tout moment, et nous vous en informerons rapidement. Si vous voulez vous assurer que vous \u00eates \u00e0 jour avec les derniers changements, nous vous conseillons de visiter fr\u00e9quemment cette page.<\/p>\n<p><strong><br \/>\nQuelles donn\u00e9es d\u2019utilisateur recueillons-nous ?<\/strong><\/p>\n<p>Lorsque vous visitez le site web, nous pouvons recueillir les donn\u00e9es suivantes :<\/p>\n<ul>\n<li>Votre adresse IP.<\/li>\n<li>Vos coordonn\u00e9es et votre adresse \u00e9lectronique.<\/li>\n<li>Autres informations telles que vos int\u00e9r\u00eats et pr\u00e9f\u00e9rences.<\/li>\n<li>Profil de donn\u00e9es concernant votre comportement en ligne sur notre site web.<\/li>\n<\/ul>\n<p><strong><br \/>\nPourquoi nous collectons vos donn\u00e9es<\/strong><\/p>\n<p>Nous collectons vos donn\u00e9es pour plusieurs raisons :<\/p>\n<ul>\n<li>Pour mieux comprendre vos besoins.<\/li>\n<li>Pour am\u00e9liorer nos services et produits.<\/li>\n<li>Pour vous envoyer des courriels promotionnels contenant des informations que nous pensons int\u00e9ressantes pour vous.<\/li>\n<li>Pour vous contacter afin que vous remplissiez des enqu\u00eates et participiez \u00e0 d\u2019autres types d\u2019\u00e9tudes de march\u00e9.<\/li>\n<li>Pour personnaliser notre site web en fonction de votre comportement en ligne et de vos pr\u00e9f\u00e9rences personnelles.<\/li>\n<\/ul>\n<p><strong><br \/>\nSauvegarde et s\u00e9curisation des donn\u00e9es<\/strong><\/p>\n<p>Swisscos s\u2019engage \u00e0 s\u00e9curiser vos donn\u00e9es et \u00e0 les garder confidentielles. Swisscos a fait tout ce qui est en son pouvoir pour emp\u00eacher le vol de donn\u00e9es, l\u2019acc\u00e8s non autoris\u00e9 et la divulgation en mettant en \u0153uvre les derni\u00e8res technologies et les derniers logiciels, qui nous aident \u00e0 sauvegarder toutes les informations que nous recueillons en ligne.<\/p>\n<p><strong><br \/>\nNotre politique en mati\u00e8re de cookies<\/strong><\/p>\n<p>Lorsque vous autorisez notre site web \u00e0 utiliser des cookies, vous acceptez \u00e9galement d\u2019utiliser les donn\u00e9es qu\u2019il collecte concernant votre comportement en ligne (analyse du trafic web, des pages web sur lesquelles vous passez le plus de temps et des sites web que vous visitez).<\/p>\n<p>Les donn\u00e9es que nous recueillons en utilisant les cookies sont utilis\u00e9es pour adapter notre site web \u00e0 vos besoins. Apr\u00e8s leur utilisation \u00e0 des fins d\u2019analyse statistique, les donn\u00e9es sont enti\u00e8rement supprim\u00e9es de nos syst\u00e8mes.<\/p>\n<p>Veuillez noter que les cookies ne nous permettent en aucun cas de prendre le contr\u00f4le de votre ordinateur. Ils sont strictement utilis\u00e9s pour contr\u00f4ler les pages que vous trouvez utiles et celles que vous ne trouvez pas utiles, afin que nous puissions vous offrir une meilleure exp\u00e9rience.<\/p>\n<p>Si vous souhaitez d\u00e9sactiver les cookies, vous pouvez le faire en acc\u00e9dant aux param\u00e8tres de votre navigateur internet.<\/p>\n<p><strong><br \/>\nLiens vers d\u2019autres sites web<\/strong><\/p>\n<p>Notre site web contient des liens qui m\u00e8nent \u00e0 d\u2019autres sites web. Si vous cliquez sur ces liens, Swisscos n\u2019est pas responsable de la protection de vos donn\u00e9es et de votre vie priv\u00e9e. La visite de ces sites n\u2019est pas r\u00e9gie par le pr\u00e9sent accord sur la politique de confidentialit\u00e9. Veillez \u00e0 lire la documentation relative \u00e0 la politique de confidentialit\u00e9 du site web auquel vous acc\u00e9dez \u00e0 partir de notre site web.<\/p>\n<p><strong><br \/>\nRestriction de la collecte de vos donn\u00e9es personnelles<\/strong><\/p>\n<p>\u00c0 un moment donn\u00e9, vous souhaiterez peut-\u00eatre limiter l\u2019utilisation et la collecte de vos donn\u00e9es personnelles. Vous pouvez le faire en proc\u00e9dant comme suit :<\/p>\n<p>Lorsque vous remplissez les formulaires sur le site web, assurez-vous de v\u00e9rifier s\u2019il y a une case que vous pouvez laisser d\u00e9coch\u00e9e, si vous ne voulez pas divulguer vos informations personnelles.<br \/>\nSi vous avez d\u00e9j\u00e0 accept\u00e9 de partager vos informations avec nous, n\u2019h\u00e9sitez pas \u00e0 nous contacter par e-mail et nous serons ravis de changer cela pour vous.<\/p>\n<p>Swisscos ne louera pas, ne vendra pas et ne distribuera pas vos informations personnelles \u00e0 des tiers, sauf si nous avons votre permission. Nous pourrions le faire si la loi nous y oblige. Vos informations personnelles seront utilis\u00e9es lorsque nous devrons vous envoyer du mat\u00e9riel promotionnel si vous acceptez cette politique de confidentialit\u00e9.[\/vc_column_text][\/vc_column][\/vc_row]<\/p>\n","protected":false},"excerpt":{"rendered":"<p>[vc_row full_width=&#8221;stretch_row&#8221; content_placement=&#8221;middle&#8221; el_class=&#8221;banner&#8221; css=&#8221;.vc_custom_1647251881119{background-image: url(http:\/\/www.swisscos.swiss\/wp-content\/uploads\/2022\/03\/background-contact.jpg?id=204) !important;}&#8221;][vc_column][vc_column_text] Privacy policy [\/vc_column_text][\/vc_column][\/vc_row][vc_row][vc_column][vc_column_text] Privacy policy Cette politique de confidentialit\u00e9 (\u201cpolitique\u201d) vous aidera \u00e0 comprendre comment Swisscos utilise et prot\u00e8ge les donn\u00e9es que vous nous fournissez lorsque vous visitez et utilisez www.swisscos.swiss. Nous nous r\u00e9servons le droit de modifier cette politique \u00e0 tout moment, et nous vous en informerons [&hellip;]<\/p>\n","protected":false},"author":1,"featured_media":0,"parent":0,"menu_order":0,"comment_status":"closed","ping_status":"closed","template":"","meta":{"_acf_changed":false,"footnotes":""},"class_list":["post-1410","page","type-page","status-publish","hentry"],"acf":[],"yoast_head":"<!-- This site is optimized with the Yoast SEO plugin v24.3 - https:\/\/yoast.com\/wordpress\/plugins\/seo\/ -->\n<title>Privacy policy - Swisscos<\/title>\n<meta name=\"robots\" content=\"index, follow, max-snippet:-1, max-image-preview:large, max-video-preview:-1\" \/>\n<link rel=\"canonical\" href=\"https:\/\/www.swisscos.swiss\/ko\/privacy-policy\/\" \/>\n<meta property=\"og:locale\" content=\"ko_KR\" \/>\n<meta property=\"og:type\" content=\"article\" \/>\n<meta property=\"og:title\" content=\"Privacy policy - Swisscos\" \/>\n<meta property=\"og:description\" content=\"[vc_row full_width=&#8221;stretch_row&#8221; content_placement=&#8221;middle&#8221; el_class=&#8221;banner&#8221; css=&#8221;.vc_custom_1647251881119{background-image: url(http:\/\/www.swisscos.swiss\/wp-content\/uploads\/2022\/03\/background-contact.jpg?id=204) !important;}&#8221;][vc_column][vc_column_text] Privacy policy [\/vc_column_text][\/vc_column][\/vc_row][vc_row][vc_column][vc_column_text] Privacy policy Cette politique de confidentialit\u00e9 (\u201cpolitique\u201d) vous aidera \u00e0 comprendre comment Swisscos utilise et prot\u00e8ge les donn\u00e9es que vous nous fournissez lorsque vous visitez et utilisez www.swisscos.swiss. Nous nous r\u00e9servons le droit de modifier cette politique \u00e0 tout moment, et nous vous en informerons [&hellip;]\" \/>\n<meta property=\"og:url\" content=\"https:\/\/www.swisscos.swiss\/ko\/privacy-policy\/\" \/>\n<meta property=\"og:site_name\" content=\"Swisscos\" \/>\n<meta property=\"article:modified_time\" content=\"2023-08-24T12:20:39+00:00\" \/>\n<meta name=\"twitter:card\" content=\"summary_large_image\" \/>\n<meta name=\"twitter:label1\" content=\"\uc608\uc0c1 \ub418\ub294 \ud310\ub3c5 \uc2dc\uac04\" \/>\n\t<meta name=\"twitter:data1\" content=\"4\ubd84\" \/>\n<script type=\"application\/ld+json\" class=\"yoast-schema-graph\">{\"@context\":\"https:\/\/schema.org\",\"@graph\":[{\"@type\":\"WebPage\",\"@id\":\"https:\/\/www.swisscos.swiss\/ko\/privacy-policy\/\",\"url\":\"https:\/\/www.swisscos.swiss\/ko\/privacy-policy\/\",\"name\":\"Privacy policy - Swisscos\",\"isPartOf\":{\"@id\":\"https:\/\/www.swisscos.swiss\/ko\/#website\"},\"datePublished\":\"2023-08-24T12:13:50+00:00\",\"dateModified\":\"2023-08-24T12:20:39+00:00\",\"breadcrumb\":{\"@id\":\"https:\/\/www.swisscos.swiss\/ko\/privacy-policy\/#breadcrumb\"},\"inLanguage\":\"ko-KR\",\"potentialAction\":[{\"@type\":\"ReadAction\",\"target\":[\"https:\/\/www.swisscos.swiss\/ko\/privacy-policy\/\"]}]},{\"@type\":\"BreadcrumbList\",\"@id\":\"https:\/\/www.swisscos.swiss\/ko\/privacy-policy\/#breadcrumb\",\"itemListElement\":[{\"@type\":\"ListItem\",\"position\":1,\"name\":\"Accueil\",\"item\":\"https:\/\/www.swisscos.swiss\/ko\/\"},{\"@type\":\"ListItem\",\"position\":2,\"name\":\"Privacy policy\"}]},{\"@type\":\"WebSite\",\"@id\":\"https:\/\/www.swisscos.swiss\/ko\/#website\",\"url\":\"https:\/\/www.swisscos.swiss\/ko\/\",\"name\":\"Swisscos\",\"description\":\"Un site utilisant WordPress\",\"publisher\":{\"@id\":\"https:\/\/www.swisscos.swiss\/ko\/#organization\"},\"potentialAction\":[{\"@type\":\"SearchAction\",\"target\":{\"@type\":\"EntryPoint\",\"urlTemplate\":\"https:\/\/www.swisscos.swiss\/ko\/?s={search_term_string}\"},\"query-input\":{\"@type\":\"PropertyValueSpecification\",\"valueRequired\":true,\"valueName\":\"search_term_string\"}}],\"inLanguage\":\"ko-KR\"},{\"@type\":\"Organization\",\"@id\":\"https:\/\/www.swisscos.swiss\/ko\/#organization\",\"name\":\"Swisscos\",\"url\":\"https:\/\/www.swisscos.swiss\/ko\/\",\"logo\":{\"@type\":\"ImageObject\",\"inLanguage\":\"ko-KR\",\"@id\":\"https:\/\/www.swisscos.swiss\/ko\/#\/schema\/logo\/image\/\",\"url\":\"https:\/\/www.swisscos.swiss\/wp-content\/uploads\/2022\/03\/logo-1.png\",\"contentUrl\":\"https:\/\/www.swisscos.swiss\/wp-content\/uploads\/2022\/03\/logo-1.png\",\"width\":256,\"height\":256,\"caption\":\"Swisscos\"},\"image\":{\"@id\":\"https:\/\/www.swisscos.swiss\/ko\/#\/schema\/logo\/image\/\"},\"sameAs\":[\"https:\/\/www.instagram.com\/swisscos.swiss\/?hl=fr\",\"https:\/\/www.linkedin.com\/in\/swisscos\/\"]}]}<\/script>\n<!-- \/ Yoast SEO plugin. -->","yoast_head_json":{"title":"Privacy policy - Swisscos","robots":{"index":"index","follow":"follow","max-snippet":"max-snippet:-1","max-image-preview":"max-image-preview:large","max-video-preview":"max-video-preview:-1"},"canonical":"https:\/\/www.swisscos.swiss\/ko\/privacy-policy\/","og_locale":"ko_KR","og_type":"article","og_title":"Privacy policy - Swisscos","og_description":"[vc_row full_width=&#8221;stretch_row&#8221; content_placement=&#8221;middle&#8221; el_class=&#8221;banner&#8221; css=&#8221;.vc_custom_1647251881119{background-image: url(http:\/\/www.swisscos.swiss\/wp-content\/uploads\/2022\/03\/background-contact.jpg?id=204) !important;}&#8221;][vc_column][vc_column_text] Privacy policy [\/vc_column_text][\/vc_column][\/vc_row][vc_row][vc_column][vc_column_text] Privacy policy Cette politique de confidentialit\u00e9 (\u201cpolitique\u201d) vous aidera \u00e0 comprendre comment Swisscos utilise et prot\u00e8ge les donn\u00e9es que vous nous fournissez lorsque vous visitez et utilisez www.swisscos.swiss. Nous nous r\u00e9servons le droit de modifier cette politique \u00e0 tout moment, et nous vous en informerons [&hellip;]","og_url":"https:\/\/www.swisscos.swiss\/ko\/privacy-policy\/","og_site_name":"Swisscos","article_modified_time":"2023-08-24T12:20:39+00:00","twitter_card":"summary_large_image","twitter_misc":{"\uc608\uc0c1 \ub418\ub294 \ud310\ub3c5 \uc2dc\uac04":"4\ubd84"},"schema":{"@context":"https:\/\/schema.org","@graph":[{"@type":"WebPage","@id":"https:\/\/www.swisscos.swiss\/ko\/privacy-policy\/","url":"https:\/\/www.swisscos.swiss\/ko\/privacy-policy\/","name":"Privacy policy - Swisscos","isPartOf":{"@id":"https:\/\/www.swisscos.swiss\/ko\/#website"},"datePublished":"2023-08-24T12:13:50+00:00","dateModified":"2023-08-24T12:20:39+00:00","breadcrumb":{"@id":"https:\/\/www.swisscos.swiss\/ko\/privacy-policy\/#breadcrumb"},"inLanguage":"ko-KR","potentialAction":[{"@type":"ReadAction","target":["https:\/\/www.swisscos.swiss\/ko\/privacy-policy\/"]}]},{"@type":"BreadcrumbList","@id":"https:\/\/www.swisscos.swiss\/ko\/privacy-policy\/#breadcrumb","itemListElement":[{"@type":"ListItem","position":1,"name":"Accueil","item":"https:\/\/www.swisscos.swiss\/ko\/"},{"@type":"ListItem","position":2,"name":"Privacy policy"}]},{"@type":"WebSite","@id":"https:\/\/www.swisscos.swiss\/ko\/#website","url":"https:\/\/www.swisscos.swiss\/ko\/","name":"Swisscos","description":"Un site utilisant WordPress","publisher":{"@id":"https:\/\/www.swisscos.swiss\/ko\/#organization"},"potentialAction":[{"@type":"SearchAction","target":{"@type":"EntryPoint","urlTemplate":"https:\/\/www.swisscos.swiss\/ko\/?s={search_term_string}"},"query-input":{"@type":"PropertyValueSpecification","valueRequired":true,"valueName":"search_term_string"}}],"inLanguage":"ko-KR"},{"@type":"Organization","@id":"https:\/\/www.swisscos.swiss\/ko\/#organization","name":"Swisscos","url":"https:\/\/www.swisscos.swiss\/ko\/","logo":{"@type":"ImageObject","inLanguage":"ko-KR","@id":"https:\/\/www.swisscos.swiss\/ko\/#\/schema\/logo\/image\/","url":"https:\/\/www.swisscos.swiss\/wp-content\/uploads\/2022\/03\/logo-1.png","contentUrl":"https:\/\/www.swisscos.swiss\/wp-content\/uploads\/2022\/03\/logo-1.png","width":256,"height":256,"caption":"Swisscos"},"image":{"@id":"https:\/\/www.swisscos.swiss\/ko\/#\/schema\/logo\/image\/"},"sameAs":["https:\/\/www.instagram.com\/swisscos.swiss\/?hl=fr","https:\/\/www.linkedin.com\/in\/swisscos\/"]}]}},"_links":{"self":[{"href":"https:\/\/www.swisscos.swiss\/ko\/wp-json\/wp\/v2\/pages\/1410","targetHints":{"allow":["GET"]}}],"collection":[{"href":"https:\/\/www.swisscos.swiss\/ko\/wp-json\/wp\/v2\/pages"}],"about":[{"href":"https:\/\/www.swisscos.swiss\/ko\/wp-json\/wp\/v2\/types\/page"}],"author":[{"embeddable":true,"href":"https:\/\/www.swisscos.swiss\/ko\/wp-json\/wp\/v2\/users\/1"}],"replies":[{"embeddable":true,"href":"https:\/\/www.swisscos.swiss\/ko\/wp-json\/wp\/v2\/comments?post=1410"}],"version-history":[{"count":1,"href":"https:\/\/www.swisscos.swiss\/ko\/wp-json\/wp\/v2\/pages\/1410\/revisions"}],"predecessor-version":[{"id":1411,"href":"https:\/\/www.swisscos.swiss\/ko\/wp-json\/wp\/v2\/pages\/1410\/revisions\/1411"}],"wp:attachment":[{"href":"https:\/\/www.swisscos.swiss\/ko\/wp-json\/wp\/v2\/media?parent=1410"}],"curies":[{"name":"wp","href":"https:\/\/api.w.org\/{rel}","templated":true}]}}