{"id":7,"date":"2022-03-04T15:49:16","date_gmt":"2022-03-04T14:49:16","guid":{"rendered":"http:\/\/www.swisscos.swiss\/?page_id=7"},"modified":"2022-04-12T15:41:59","modified_gmt":"2022-04-12T13:41:59","slug":"association","status":"publish","type":"page","link":"https:\/\/www.swisscos.swiss\/fr\/association\/","title":{"rendered":"Association"},"content":{"rendered":"<p>[vc_row full_width=\u00a0\u00bbstretch_row\u00a0\u00bb content_placement=\u00a0\u00bbmiddle\u00a0\u00bb el_class=\u00a0\u00bbbanner\u00a0\u00bb css=\u00a0\u00bb.vc_custom_1646670608653{background-image: url(http:\/\/www.swisscos.swiss\/wp-content\/uploads\/2022\/03\/bandeau-association-1.jpg?id=100) !important;}\u00a0\u00bb][vc_column][vc_column_text]<\/p>\n<h2 style=\"text-align: center;\"><strong>Notre association<\/strong><\/h2>\n<h3 style=\"text-align: center;\">swisscos<\/h3>\n<p>[\/vc_column_text][\/vc_column][\/vc_row][vc_row full_width=\u00a0\u00bbstretch_row\u00a0\u00bb content_placement=\u00a0\u00bbmiddle\u00a0\u00bb el_class=\u00a0\u00bbbanner banner-mobile\u00a0\u00bb css=\u00a0\u00bb.vc_custom_1647607724121{background-image: url(http:\/\/www.swisscos.swiss\/wp-content\/uploads\/2022\/03\/bandeau-association-mobile.png?id=266) !important;}\u00a0\u00bb][vc_column][vc_column_text]<\/p>\n<h2 style=\"text-align: center;\"><strong>Notre association<\/strong><\/h2>\n<h3 style=\"text-align: center;\">swisscos<\/h3>\n<p>[\/vc_column_text][\/vc_column][\/vc_row][vc_row full_width=\u00a0\u00bbstretch_row\u00a0\u00bb el_class=\u00a0\u00bbapropos\u00a0\u00bb css=\u00a0\u00bb.vc_custom_1646671170122{background-image: url(http:\/\/www.swisscos.swiss\/wp-content\/uploads\/2022\/03\/background-apropos-1.png?id=70) !important;}\u00a0\u00bb][vc_column][vc_row_inner][vc_column_inner width=\u00a0\u00bb1\/2&Prime;][vc_single_image image=\u00a0\u00bb75&Prime; img_size=\u00a0\u00bbfull\u00a0\u00bb][\/vc_column_inner][vc_column_inner width=\u00a0\u00bb1\/2&Prime;][vc_column_text]<\/p>\n<h2><strong>Association pour la protection de l&rsquo;origine des cosm\u00e9tiques suisses<\/strong><\/h2>\n<p><strong>Qui sommes-nous?<\/strong><\/p>\n<p>Conform\u00e9ment \u00e0 la l\u00e9gislation suisse actuellement en vigueur et avec le soutien des autorit\u00e9s f\u00e9d\u00e9rales suisses, l&rsquo;association SWISSCOS applique les r\u00e8gles les plus strictes \u00e0 ses membres afin de garantir des produits certifi\u00e9s suisses aux partenaires et clients internationaux. SWISSCOS collabore avec les autorit\u00e9s f\u00e9d\u00e9rales suisses afin que toute entreprise qui utilise ill\u00e9galement l&rsquo;appellation \u00ab\u00a0Swiss Made\u00a0\u00bb pour ses produits soit d\u00fbment sanctionn\u00e9e.[\/vc_column_text][vc_column_text el_class=\u00a0\u00bbblack\u00a0\u00bb]Les garanties de SWISSCOS:<\/p>\n<ul>\n<li>Membres suisses<\/li>\n<li>100% fabriqu\u00e9s et emball\u00e9s en Suisse<\/li>\n<li>Recherche et d\u00e9veloppement en Suisse<\/li>\n<li>Normes de fabrication \u00e9lev\u00e9es<\/li>\n<li>Qualit\u00e9 et tradition<\/li>\n<li>Responsabilit\u00e9 et fiabilit\u00e9<\/li>\n<li>Connaissance de la marque<\/li>\n<\/ul>\n<p>[\/vc_column_text][\/vc_column_inner][\/vc_row_inner][\/vc_column][\/vc_row][vc_row full_width=\u00a0\u00bbstretch_row\u00a0\u00bb disable_element=\u00a0\u00bbyes\u00a0\u00bb el_class=\u00a0\u00bbnews\u00a0\u00bb][vc_column][vc_single_image image=\u00a0\u00bb109&Prime; img_size=\u00a0\u00bbfull\u00a0\u00bb alignment=\u00a0\u00bbcenter\u00a0\u00bb][vc_column_text]<\/p>\n<h2 style=\"text-align: center;\">News<\/h2>\n<p>[\/vc_column_text]<div class='actualites'><div class='row'><div class='col-lg-4'><div class='actualite'><a href='https:\/\/www.swisscos.swiss\/fr\/titre-6\/'><\/a><div class='actualite-image' style='background-image: url(https:\/\/www.swisscos.swiss\/wp-content\/uploads\/2022\/03\/image-news.jpg);'><\/div><div class='actualite-infos'><div class='actualite-titre'>Titre<\/div><div class='actualite-date'>20 ao\u00fbt 2021<\/div><div class='actualite-description'><p>Lorem ipsum dolor sit amet, consectetur adipiscing elit. Proin ut euismod arcu lacinia\u2026<\/p>\n<\/div><div class='actualite-lien'><a href='https:\/\/www.swisscos.swiss\/fr\/titre-6\/'>Lire la suite ><\/a><\/div><\/div><\/div><\/div><div class='col-lg-4'><div class='actualite'><a href='https:\/\/www.swisscos.swiss\/fr\/titre-5\/'><\/a><div class='actualite-image' style='background-image: url(https:\/\/www.swisscos.swiss\/wp-content\/uploads\/2022\/03\/image-news.jpg);'><\/div><div class='actualite-infos'><div class='actualite-titre'>Titre<\/div><div class='actualite-date'>20 ao\u00fbt 2021<\/div><div class='actualite-description'><p>Lorem ipsum dolor sit amet, consectetur adipiscing elit. Proin ut euismod arcu lacinia\u2026<\/p>\n<\/div><div class='actualite-lien'><a href='https:\/\/www.swisscos.swiss\/fr\/titre-5\/'>Lire la suite ><\/a><\/div><\/div><\/div><\/div><div class='col-lg-4'><div class='actualite'><a href='https:\/\/www.swisscos.swiss\/fr\/titre-4\/'><\/a><div class='actualite-image' style='background-image: url(https:\/\/www.swisscos.swiss\/wp-content\/uploads\/2022\/03\/image-news.jpg);'><\/div><div class='actualite-infos'><div class='actualite-titre'>Titre<\/div><div class='actualite-date'>20 ao\u00fbt 2021<\/div><div class='actualite-description'><p>Lorem ipsum dolor sit amet, consectetur adipiscing elit. Proin ut euismod arcu lacinia\u2026<\/p>\n<\/div><div class='actualite-lien'><a href='https:\/\/www.swisscos.swiss\/fr\/titre-4\/'>Lire la suite ><\/a><\/div><\/div><\/div><\/div><\/div><div class='row'><div class='col-lg-12 text-center'><a href='https:\/\/www.swisscos.swiss\/fr\/news\/' class='button'>Voir tout<\/a><\/div><\/div><\/div>[\/vc_column][\/vc_row][vc_row][vc_column][vc_row_inner][vc_column_inner width=\u00a0\u00bb8\/12&Prime;][vc_column_text]<\/p>\n<h2>Comment savoir si une marque de cosm\u00e9tique est vraiment suisse?<\/h2>\n<p><strong><u>L\u2019Ordonnance sur l\u2019utilisation des indications de provenance suisses pour les produits cosm\u00e9tiques<\/u> du 23 novembre 2016 stipule sous l\u2019Article 3 que:<\/strong><\/p>\n<p><strong>Un produit cosm\u00e9tique peut porter une indication de provenance suisse lorsque:<\/strong><\/p>\n<ol>\n<li>60 % au moins du co\u00fbt de revient sont g\u00e9n\u00e9r\u00e9s en Suisse;<\/li>\n<li>80 % au moins des co\u00fbts de recherche et d\u00e9veloppement et des co\u00fbts de fabrication sont g\u00e9n\u00e9r\u00e9s en Suisse; et<\/li>\n<li>les activit\u00e9s suivantes ont \u00e9t\u00e9 effectu\u00e9es en Suisse ou au lieu indiqu\u00e9 en Suisse:\n<ol>\n<li>la fabrication du vrac,<\/li>\n<li>le conditionnement du produit cosm\u00e9tique dans l\u2019emballage primaire, ou l\u2019assemblage du vrac et du dispositif d\u2019application en un produit cosm\u00e9tique fini, et<\/li>\n<li>les contr\u00f4les de qualit\u00e9 et les certifications prescrits par la loi ou r\u00e9gl\u00e9s de mani\u00e8re uniforme \u00e0 l\u2019\u00e9chelle de la branche.<\/li>\n<\/ol>\n<\/li>\n<\/ol>\n<p>[\/vc_column_text][\/vc_column_inner][vc_column_inner width=\u00a0\u00bb4\/12&Prime;][\/vc_column_inner][\/vc_row_inner][\/vc_column][\/vc_row]<\/p>\n","protected":false},"excerpt":{"rendered":"<p>[vc_row full_width=\u00a0\u00bbstretch_row\u00a0\u00bb content_placement=\u00a0\u00bbmiddle\u00a0\u00bb el_class=\u00a0\u00bbbanner\u00a0\u00bb css=\u00a0\u00bb.vc_custom_1646670608653{background-image: url(http:\/\/www.swisscos.swiss\/wp-content\/uploads\/2022\/03\/bandeau-association-1.jpg?id=100) !important;}\u00a0\u00bb][vc_column][vc_column_text] Notre association swisscos [\/vc_column_text][\/vc_column][\/vc_row][vc_row full_width=\u00a0\u00bbstretch_row\u00a0\u00bb content_placement=\u00a0\u00bbmiddle\u00a0\u00bb el_class=\u00a0\u00bbbanner banner-mobile\u00a0\u00bb css=\u00a0\u00bb.vc_custom_1647607724121{background-image: url(http:\/\/www.swisscos.swiss\/wp-content\/uploads\/2022\/03\/bandeau-association-mobile.png?id=266) !important;}\u00a0\u00bb][vc_column][vc_column_text] Notre association swisscos [\/vc_column_text][\/vc_column][\/vc_row][vc_row full_width=\u00a0\u00bbstretch_row\u00a0\u00bb el_class=\u00a0\u00bbapropos\u00a0\u00bb css=\u00a0\u00bb.vc_custom_1646671170122{background-image: url(http:\/\/www.swisscos.swiss\/wp-content\/uploads\/2022\/03\/background-apropos-1.png?id=70) !important;}\u00a0\u00bb][vc_column][vc_row_inner][vc_column_inner width=\u00a0\u00bb1\/2&Prime;][vc_single_image image=\u00a0\u00bb75&Prime; img_size=\u00a0\u00bbfull\u00a0\u00bb][\/vc_column_inner][vc_column_inner width=\u00a0\u00bb1\/2&Prime;][vc_column_text] Association pour la protection de l&rsquo;origine des cosm\u00e9tiques suisses Qui sommes-nous? Conform\u00e9ment \u00e0 la l\u00e9gislation suisse actuellement en vigueur et avec le soutien des [&hellip;]<\/p>\n","protected":false},"author":1,"featured_media":0,"parent":0,"menu_order":0,"comment_status":"closed","ping_status":"closed","template":"","meta":{"_acf_changed":false,"footnotes":""},"class_list":["post-7","page","type-page","status-publish","hentry"],"acf":[],"yoast_head":"<!-- This site is optimized with the Yoast SEO plugin v24.3 - https:\/\/yoast.com\/wordpress\/plugins\/seo\/ -->\n<title>Association - Swisscos<\/title>\n<meta name=\"robots\" content=\"index, follow, max-snippet:-1, max-image-preview:large, max-video-preview:-1\" \/>\n<link rel=\"canonical\" href=\"https:\/\/www.swisscos.swiss\/fr\/association\/\" \/>\n<meta property=\"og:locale\" content=\"fr_FR\" \/>\n<meta property=\"og:type\" content=\"article\" \/>\n<meta property=\"og:title\" content=\"Association - Swisscos\" \/>\n<meta property=\"og:description\" content=\"[vc_row full_width=\u00a0\u00bbstretch_row\u00a0\u00bb content_placement=\u00a0\u00bbmiddle\u00a0\u00bb el_class=\u00a0\u00bbbanner\u00a0\u00bb css=\u00a0\u00bb.vc_custom_1646670608653{background-image: url(http:\/\/www.swisscos.swiss\/wp-content\/uploads\/2022\/03\/bandeau-association-1.jpg?id=100) !important;}\u00a0\u00bb][vc_column][vc_column_text] Notre association swisscos [\/vc_column_text][\/vc_column][\/vc_row][vc_row full_width=\u00a0\u00bbstretch_row\u00a0\u00bb content_placement=\u00a0\u00bbmiddle\u00a0\u00bb el_class=\u00a0\u00bbbanner banner-mobile\u00a0\u00bb css=\u00a0\u00bb.vc_custom_1647607724121{background-image: url(http:\/\/www.swisscos.swiss\/wp-content\/uploads\/2022\/03\/bandeau-association-mobile.png?id=266) !important;}\u00a0\u00bb][vc_column][vc_column_text] Notre association swisscos [\/vc_column_text][\/vc_column][\/vc_row][vc_row full_width=\u00a0\u00bbstretch_row\u00a0\u00bb el_class=\u00a0\u00bbapropos\u00a0\u00bb css=\u00a0\u00bb.vc_custom_1646671170122{background-image: url(http:\/\/www.swisscos.swiss\/wp-content\/uploads\/2022\/03\/background-apropos-1.png?id=70) !important;}\u00a0\u00bb][vc_column][vc_row_inner][vc_column_inner width=\u00a0\u00bb1\/2&Prime;][vc_single_image image=\u00a0\u00bb75&Prime; img_size=\u00a0\u00bbfull\u00a0\u00bb][\/vc_column_inner][vc_column_inner width=\u00a0\u00bb1\/2&Prime;][vc_column_text] Association pour la protection de l&rsquo;origine des cosm\u00e9tiques suisses Qui sommes-nous? Conform\u00e9ment \u00e0 la l\u00e9gislation suisse actuellement en vigueur et avec le soutien des [&hellip;]\" \/>\n<meta property=\"og:url\" content=\"https:\/\/www.swisscos.swiss\/fr\/association\/\" \/>\n<meta property=\"og:site_name\" content=\"Swisscos\" \/>\n<meta property=\"article:modified_time\" content=\"2022-04-12T13:41:59+00:00\" \/>\n<meta name=\"twitter:card\" content=\"summary_large_image\" \/>\n<meta name=\"twitter:label1\" content=\"Dur\u00e9e de lecture estim\u00e9e\" \/>\n\t<meta name=\"twitter:data1\" content=\"2 minutes\" \/>\n<script type=\"application\/ld+json\" class=\"yoast-schema-graph\">{\"@context\":\"https:\/\/schema.org\",\"@graph\":[{\"@type\":\"WebPage\",\"@id\":\"https:\/\/www.swisscos.swiss\/fr\/association\/\",\"url\":\"https:\/\/www.swisscos.swiss\/fr\/association\/\",\"name\":\"Association - Swisscos\",\"isPartOf\":{\"@id\":\"https:\/\/www.swisscos.swiss\/fr\/#website\"},\"datePublished\":\"2022-03-04T14:49:16+00:00\",\"dateModified\":\"2022-04-12T13:41:59+00:00\",\"breadcrumb\":{\"@id\":\"https:\/\/www.swisscos.swiss\/fr\/association\/#breadcrumb\"},\"inLanguage\":\"fr-FR\",\"potentialAction\":[{\"@type\":\"ReadAction\",\"target\":[\"https:\/\/www.swisscos.swiss\/fr\/association\/\"]}]},{\"@type\":\"BreadcrumbList\",\"@id\":\"https:\/\/www.swisscos.swiss\/fr\/association\/#breadcrumb\",\"itemListElement\":[{\"@type\":\"ListItem\",\"position\":1,\"name\":\"Accueil\",\"item\":\"https:\/\/www.swisscos.swiss\/fr\/\"},{\"@type\":\"ListItem\",\"position\":2,\"name\":\"Association\"}]},{\"@type\":\"WebSite\",\"@id\":\"https:\/\/www.swisscos.swiss\/fr\/#website\",\"url\":\"https:\/\/www.swisscos.swiss\/fr\/\",\"name\":\"Swisscos\",\"description\":\"Un site utilisant WordPress\",\"publisher\":{\"@id\":\"https:\/\/www.swisscos.swiss\/fr\/#organization\"},\"potentialAction\":[{\"@type\":\"SearchAction\",\"target\":{\"@type\":\"EntryPoint\",\"urlTemplate\":\"https:\/\/www.swisscos.swiss\/fr\/?s={search_term_string}\"},\"query-input\":{\"@type\":\"PropertyValueSpecification\",\"valueRequired\":true,\"valueName\":\"search_term_string\"}}],\"inLanguage\":\"fr-FR\"},{\"@type\":\"Organization\",\"@id\":\"https:\/\/www.swisscos.swiss\/fr\/#organization\",\"name\":\"Swisscos\",\"url\":\"https:\/\/www.swisscos.swiss\/fr\/\",\"logo\":{\"@type\":\"ImageObject\",\"inLanguage\":\"fr-FR\",\"@id\":\"https:\/\/www.swisscos.swiss\/fr\/#\/schema\/logo\/image\/\",\"url\":\"https:\/\/www.swisscos.swiss\/wp-content\/uploads\/2022\/03\/logo-1.png\",\"contentUrl\":\"https:\/\/www.swisscos.swiss\/wp-content\/uploads\/2022\/03\/logo-1.png\",\"width\":256,\"height\":256,\"caption\":\"Swisscos\"},\"image\":{\"@id\":\"https:\/\/www.swisscos.swiss\/fr\/#\/schema\/logo\/image\/\"},\"sameAs\":[\"https:\/\/www.instagram.com\/swisscos.swiss\/?hl=fr\",\"https:\/\/www.linkedin.com\/in\/swisscos\/\"]}]}<\/script>\n<!-- \/ Yoast SEO plugin. -->","yoast_head_json":{"title":"Association - Swisscos","robots":{"index":"index","follow":"follow","max-snippet":"max-snippet:-1","max-image-preview":"max-image-preview:large","max-video-preview":"max-video-preview:-1"},"canonical":"https:\/\/www.swisscos.swiss\/fr\/association\/","og_locale":"fr_FR","og_type":"article","og_title":"Association - Swisscos","og_description":"[vc_row full_width=\u00a0\u00bbstretch_row\u00a0\u00bb content_placement=\u00a0\u00bbmiddle\u00a0\u00bb el_class=\u00a0\u00bbbanner\u00a0\u00bb css=\u00a0\u00bb.vc_custom_1646670608653{background-image: url(http:\/\/www.swisscos.swiss\/wp-content\/uploads\/2022\/03\/bandeau-association-1.jpg?id=100) !important;}\u00a0\u00bb][vc_column][vc_column_text] Notre association swisscos [\/vc_column_text][\/vc_column][\/vc_row][vc_row full_width=\u00a0\u00bbstretch_row\u00a0\u00bb content_placement=\u00a0\u00bbmiddle\u00a0\u00bb el_class=\u00a0\u00bbbanner banner-mobile\u00a0\u00bb css=\u00a0\u00bb.vc_custom_1647607724121{background-image: url(http:\/\/www.swisscos.swiss\/wp-content\/uploads\/2022\/03\/bandeau-association-mobile.png?id=266) !important;}\u00a0\u00bb][vc_column][vc_column_text] Notre association swisscos [\/vc_column_text][\/vc_column][\/vc_row][vc_row full_width=\u00a0\u00bbstretch_row\u00a0\u00bb el_class=\u00a0\u00bbapropos\u00a0\u00bb css=\u00a0\u00bb.vc_custom_1646671170122{background-image: url(http:\/\/www.swisscos.swiss\/wp-content\/uploads\/2022\/03\/background-apropos-1.png?id=70) !important;}\u00a0\u00bb][vc_column][vc_row_inner][vc_column_inner width=\u00a0\u00bb1\/2&Prime;][vc_single_image image=\u00a0\u00bb75&Prime; img_size=\u00a0\u00bbfull\u00a0\u00bb][\/vc_column_inner][vc_column_inner width=\u00a0\u00bb1\/2&Prime;][vc_column_text] Association pour la protection de l&rsquo;origine des cosm\u00e9tiques suisses Qui sommes-nous? Conform\u00e9ment \u00e0 la l\u00e9gislation suisse actuellement en vigueur et avec le soutien des [&hellip;]","og_url":"https:\/\/www.swisscos.swiss\/fr\/association\/","og_site_name":"Swisscos","article_modified_time":"2022-04-12T13:41:59+00:00","twitter_card":"summary_large_image","twitter_misc":{"Dur\u00e9e de lecture estim\u00e9e":"2 minutes"},"schema":{"@context":"https:\/\/schema.org","@graph":[{"@type":"WebPage","@id":"https:\/\/www.swisscos.swiss\/fr\/association\/","url":"https:\/\/www.swisscos.swiss\/fr\/association\/","name":"Association - Swisscos","isPartOf":{"@id":"https:\/\/www.swisscos.swiss\/fr\/#website"},"datePublished":"2022-03-04T14:49:16+00:00","dateModified":"2022-04-12T13:41:59+00:00","breadcrumb":{"@id":"https:\/\/www.swisscos.swiss\/fr\/association\/#breadcrumb"},"inLanguage":"fr-FR","potentialAction":[{"@type":"ReadAction","target":["https:\/\/www.swisscos.swiss\/fr\/association\/"]}]},{"@type":"BreadcrumbList","@id":"https:\/\/www.swisscos.swiss\/fr\/association\/#breadcrumb","itemListElement":[{"@type":"ListItem","position":1,"name":"Accueil","item":"https:\/\/www.swisscos.swiss\/fr\/"},{"@type":"ListItem","position":2,"name":"Association"}]},{"@type":"WebSite","@id":"https:\/\/www.swisscos.swiss\/fr\/#website","url":"https:\/\/www.swisscos.swiss\/fr\/","name":"Swisscos","description":"Un site utilisant WordPress","publisher":{"@id":"https:\/\/www.swisscos.swiss\/fr\/#organization"},"potentialAction":[{"@type":"SearchAction","target":{"@type":"EntryPoint","urlTemplate":"https:\/\/www.swisscos.swiss\/fr\/?s={search_term_string}"},"query-input":{"@type":"PropertyValueSpecification","valueRequired":true,"valueName":"search_term_string"}}],"inLanguage":"fr-FR"},{"@type":"Organization","@id":"https:\/\/www.swisscos.swiss\/fr\/#organization","name":"Swisscos","url":"https:\/\/www.swisscos.swiss\/fr\/","logo":{"@type":"ImageObject","inLanguage":"fr-FR","@id":"https:\/\/www.swisscos.swiss\/fr\/#\/schema\/logo\/image\/","url":"https:\/\/www.swisscos.swiss\/wp-content\/uploads\/2022\/03\/logo-1.png","contentUrl":"https:\/\/www.swisscos.swiss\/wp-content\/uploads\/2022\/03\/logo-1.png","width":256,"height":256,"caption":"Swisscos"},"image":{"@id":"https:\/\/www.swisscos.swiss\/fr\/#\/schema\/logo\/image\/"},"sameAs":["https:\/\/www.instagram.com\/swisscos.swiss\/?hl=fr","https:\/\/www.linkedin.com\/in\/swisscos\/"]}]}},"_links":{"self":[{"href":"https:\/\/www.swisscos.swiss\/fr\/wp-json\/wp\/v2\/pages\/7","targetHints":{"allow":["GET"]}}],"collection":[{"href":"https:\/\/www.swisscos.swiss\/fr\/wp-json\/wp\/v2\/pages"}],"about":[{"href":"https:\/\/www.swisscos.swiss\/fr\/wp-json\/wp\/v2\/types\/page"}],"author":[{"embeddable":true,"href":"https:\/\/www.swisscos.swiss\/fr\/wp-json\/wp\/v2\/users\/1"}],"replies":[{"embeddable":true,"href":"https:\/\/www.swisscos.swiss\/fr\/wp-json\/wp\/v2\/comments?post=7"}],"version-history":[{"count":20,"href":"https:\/\/www.swisscos.swiss\/fr\/wp-json\/wp\/v2\/pages\/7\/revisions"}],"predecessor-version":[{"id":1046,"href":"https:\/\/www.swisscos.swiss\/fr\/wp-json\/wp\/v2\/pages\/7\/revisions\/1046"}],"wp:attachment":[{"href":"https:\/\/www.swisscos.swiss\/fr\/wp-json\/wp\/v2\/media?parent=7"}],"curies":[{"name":"wp","href":"https:\/\/api.w.org\/{rel}","templated":true}]}}