{"id":38,"date":"2022-03-07T11:44:27","date_gmt":"2022-03-07T10:44:27","guid":{"rendered":"http:\/\/www.swisscos.swiss\/?page_id=38"},"modified":"2022-03-18T13:50:45","modified_gmt":"2022-03-18T12:50:45","slug":"marques","status":"publish","type":"page","link":"https:\/\/www.swisscos.swiss\/fr\/membres\/marques\/","title":{"rendered":"Marques"},"content":{"rendered":"<p>[vc_row full_width=\u00a0\u00bbstretch_row\u00a0\u00bb content_placement=\u00a0\u00bbmiddle\u00a0\u00bb el_class=\u00a0\u00bbbanner\u00a0\u00bb css=\u00a0\u00bb.vc_custom_1646743559740{background-image: url(http:\/\/www.swisscos.swiss\/wp-content\/uploads\/2022\/03\/background-membres.jpg?id=135) !important;}\u00a0\u00bb][vc_column][vc_column_text]<\/p>\n<h2 style=\"text-align: center;\">Nos membres<\/h2>\n<h3 style=\"text-align: center;\">Marques<\/h3>\n<p>[\/vc_column_text][\/vc_column][\/vc_row][vc_row full_width=\u00a0\u00bbstretch_row\u00a0\u00bb content_placement=\u00a0\u00bbmiddle\u00a0\u00bb el_class=\u00a0\u00bbbanner-mobile banner\u00a0\u00bb css=\u00a0\u00bb.vc_custom_1647607843621{background-image: url(http:\/\/www.swisscos.swiss\/wp-content\/uploads\/2022\/03\/background-membres-mobile.png?id=270) !important;}\u00a0\u00bb][vc_column][vc_column_text]<\/p>\n<h2 style=\"text-align: center;\">Nos membres<\/h2>\n<h3 style=\"text-align: center;\">Marques<\/h3>\n<p>[\/vc_column_text][\/vc_column][\/vc_row][vc_row][vc_column]<div class='membres'><div class='row'><div class='col-lg-3 col-6 membre'><a href='https:\/\/www.swisscos.swiss\/fr\/membre\/72k\/'><\/a><div class='logo d-flex align-items-center justify-content-center flex-column'><img src='https:\/\/www.swisscos.swiss\/wp-content\/uploads\/2024\/05\/LOGO_72k.jpg' \/><\/div><div class='titre'>72k<\/div><\/div><div class='col-lg-3 col-6 membre'><a href='https:\/\/www.swisscos.swiss\/fr\/membre\/laboratoires-biologiques-arval-s-a-3\/'><\/a><div class='logo d-flex align-items-center justify-content-center flex-column'><img src='https:\/\/www.swisscos.swiss\/wp-content\/uploads\/2022\/03\/LOGO_Cellcosmet_NEW.jpg' \/><\/div><div class='titre'>CELLAP LABORATOIRE SA<\/div><\/div><div class='col-lg-3 col-6 membre'><a href='https:\/\/www.swisscos.swiss\/fr\/membre\/laboratoires-biologiques-arval-s-a-13\/'><\/a><div class='logo d-flex align-items-center justify-content-center flex-column'><img src='https:\/\/www.swisscos.swiss\/wp-content\/uploads\/2022\/03\/Swiss_line.jpg' \/><\/div><div class='titre'>Dermalab<\/div><\/div><div class='col-lg-3 col-6 membre'><a href='https:\/\/www.swisscos.swiss\/fr\/membre\/dr-levy-switzerland\/'><\/a><div class='logo d-flex align-items-center justify-content-center flex-column'><img src='https:\/\/www.swisscos.swiss\/wp-content\/uploads\/2024\/01\/LOGO_Dr-Levy_NEW.jpg' \/><\/div><div class='titre'>Dr Levy Switzerland<\/div><\/div><\/div><div class='row'><div class='col-lg-3 col-6 membre'><a href='https:\/\/www.swisscos.swiss\/fr\/membre\/evoe\/'><\/a><div class='logo d-flex align-items-center justify-content-center flex-column'><img src='https:\/\/www.swisscos.swiss\/wp-content\/uploads\/2026\/02\/LOGO_Evoe.jpg' \/><\/div><div class='titre'>Evo\u00e9<\/div><\/div><div class='col-lg-3 col-6 membre'><a href='https:\/\/www.swisscos.swiss\/fr\/membre\/laboratoires-biologiques-arval-s-a-8\/'><\/a><div class='logo d-flex align-items-center justify-content-center flex-column'><img src='https:\/\/www.swisscos.swiss\/wp-content\/uploads\/2022\/03\/jouvence_eternelle.png' \/><\/div><div class='titre'>Jouvence Eternelle<\/div><\/div><div class='col-lg-3 col-6 membre'><a href='https:\/\/www.swisscos.swiss\/fr\/membre\/kart-1979\/'><\/a><div class='logo d-flex align-items-center justify-content-center flex-column'><img src='https:\/\/www.swisscos.swiss\/wp-content\/uploads\/2026\/02\/LOGO_Kart.jpg' \/><\/div><div class='titre'>KART 1979<\/div><\/div><div class='col-lg-3 col-6 membre'><a href='https:\/\/www.swisscos.swiss\/fr\/membre\/laboratoires-biologiques-arval-s-a-5\/'><\/a><div class='logo d-flex align-items-center justify-content-center flex-column'><img src='https:\/\/www.swisscos.swiss\/wp-content\/uploads\/2022\/03\/LaPeau.png' \/><\/div><div class='titre'>LA PEAU by BeFutur Suisse SA<\/div><\/div><\/div><div class='row'><div class='col-lg-3 col-6 membre'><a href='https:\/\/www.swisscos.swiss\/fr\/membre\/la-villosa\/'><\/a><div class='logo d-flex align-items-center justify-content-center flex-column'><img src='https:\/\/www.swisscos.swiss\/wp-content\/uploads\/2023\/10\/LOGO_La-Villosa.jpg' \/><\/div><div class='titre'>La Villosa<\/div><\/div><div class='col-lg-3 col-6 membre'><a href='https:\/\/www.swisscos.swiss\/fr\/membre\/laboratoires-biologiques-arval-s-a-9\/'><\/a><div class='logo d-flex align-items-center justify-content-center flex-column'><img src='https:\/\/www.swisscos.swiss\/wp-content\/uploads\/2022\/03\/HORMETA.png' \/><\/div><div class='titre'>Laboratoire HORMETA SA<\/div><\/div><div class='col-lg-3 col-6 membre'><a href='https:\/\/www.swisscos.swiss\/fr\/membre\/laboratoires-biologiques-arval-s-a-2\/'><\/a><div class='logo d-flex align-items-center justify-content-center flex-column'><img src='https:\/\/www.swisscos.swiss\/wp-content\/uploads\/2022\/03\/bioligo-2.png' \/><\/div><div class='titre'>Laboratoires Bioligo SA<\/div><\/div><div class='col-lg-3 col-6 membre'><a href='https:\/\/www.swisscos.swiss\/fr\/membre\/laboratoires-genolier-sa\/'><\/a><div class='logo d-flex align-items-center justify-content-center flex-column'><img src='https:\/\/www.swisscos.swiss\/wp-content\/uploads\/2022\/03\/nescens.png' \/><\/div><div class='titre'>LABORATOIRES GENOLIER SA<\/div><\/div><\/div><div class='row'><div class='col-lg-3 col-6 membre'><a href='https:\/\/www.swisscos.swiss\/fr\/membre\/laboratoires-biologiques-arval-s-a-10\/'><\/a><div class='logo d-flex align-items-center justify-content-center flex-column'><img src='https:\/\/www.swisscos.swiss\/wp-content\/uploads\/2022\/03\/Helenere.png' \/><\/div><div class='titre'>Les Laboratoires H\u00e9l\u00e9n\u00e8re SA<\/div><\/div><div class='col-lg-3 col-6 membre'><a href='https:\/\/www.swisscos.swiss\/fr\/membre\/laboratoires-biologiques-arval-s-a-4\/'><\/a><div class='logo d-flex align-items-center justify-content-center flex-column'><img src='https:\/\/www.swisscos.swiss\/wp-content\/uploads\/2026\/02\/LOGO_Mavala.jpg' \/><\/div><div class='titre'>Mavala International<\/div><\/div><div class='col-lg-3 col-6 membre'><a href='https:\/\/www.swisscos.swiss\/fr\/membre\/montreux-skincare\/'><\/a><div class='logo d-flex align-items-center justify-content-center flex-column'><img src='https:\/\/www.swisscos.swiss\/wp-content\/uploads\/2022\/10\/LOGO_Montreux_Skin-care.jpg' \/><\/div><div class='titre'>Montreux Skincare<\/div><\/div><div class='col-lg-3 col-6 membre'><a href='https:\/\/www.swisscos.swiss\/fr\/membre\/laboratoires-biologiques-arval-s-a-7\/'><\/a><div class='logo d-flex align-items-center justify-content-center flex-column'><img src='https:\/\/www.swisscos.swiss\/wp-content\/uploads\/2022\/03\/Illyssia.png' \/><\/div><div class='titre'>O.D.M. DIFFUSIONS COSM\u00c9TIQUES S.A.<\/div><\/div><\/div><div class='row'><div class='col-lg-3 col-6 membre'><a href='https:\/\/www.swisscos.swiss\/fr\/membre\/pp-produits-prestiges-sa\/'><\/a><div class='logo d-flex align-items-center justify-content-center flex-column'><img src='https:\/\/www.swisscos.swiss\/wp-content\/uploads\/2023\/03\/LOGO_SwissPerfection.jpg' \/><\/div><div class='titre'>PP Produits Prestiges SA<\/div><\/div><div class='col-lg-3 col-6 membre'><a href='https:\/\/www.swisscos.swiss\/fr\/membre\/silhouet-tone-suisse-sa\/'><\/a><div class='logo d-flex align-items-center justify-content-center flex-column'><img src='https:\/\/www.swisscos.swiss\/wp-content\/uploads\/2022\/03\/vivescence.png' \/><\/div><div class='titre'>Silhouet-Tone (Suisse) SA<\/div><\/div><div class='col-lg-3 col-6 membre'><a href='https:\/\/www.swisscos.swiss\/fr\/membre\/skinminute-diffulice-sarl\/'><\/a><div class='logo d-flex align-items-center justify-content-center flex-column'><img src='https:\/\/www.swisscos.swiss\/wp-content\/uploads\/2022\/03\/LOGO_SKIN-MINUTE.jpg' \/><\/div><div class='titre'>SKIN\u2019MINUTE<\/div><\/div><div class='col-lg-3 col-6 membre'><a href='https:\/\/www.swisscos.swiss\/fr\/membre\/swisskin\/'><\/a><div class='logo d-flex align-items-center justify-content-center flex-column'><img src='https:\/\/www.swisscos.swiss\/wp-content\/uploads\/2024\/05\/LOGO_SwissSkin.jpg' \/><\/div><div class='titre'>SWISSKIN<\/div><\/div><\/div><div class='row'><div class='col-lg-3 col-6 membre'><a href='https:\/\/www.swisscos.swiss\/fr\/membre\/swisso-logical\/'><\/a><div class='logo d-flex align-items-center justify-content-center flex-column'><img src='https:\/\/www.swisscos.swiss\/wp-content\/uploads\/2026\/02\/LOGO_Swisso_Logical.jpg' \/><\/div><div class='titre'>Swisso Logical<\/div><\/div><\/div><\/div>[\/vc_column][\/vc_row]<\/p>\n","protected":false},"excerpt":{"rendered":"<p>[vc_row full_width=\u00a0\u00bbstretch_row\u00a0\u00bb content_placement=\u00a0\u00bbmiddle\u00a0\u00bb el_class=\u00a0\u00bbbanner\u00a0\u00bb css=\u00a0\u00bb.vc_custom_1646743559740{background-image: url(http:\/\/www.swisscos.swiss\/wp-content\/uploads\/2022\/03\/background-membres.jpg?id=135) !important;}\u00a0\u00bb][vc_column][vc_column_text] Nos membres Marques [\/vc_column_text][\/vc_column][\/vc_row][vc_row full_width=\u00a0\u00bbstretch_row\u00a0\u00bb content_placement=\u00a0\u00bbmiddle\u00a0\u00bb el_class=\u00a0\u00bbbanner-mobile banner\u00a0\u00bb css=\u00a0\u00bb.vc_custom_1647607843621{background-image: url(http:\/\/www.swisscos.swiss\/wp-content\/uploads\/2022\/03\/background-membres-mobile.png?id=270) !important;}\u00a0\u00bb][vc_column][vc_column_text] Nos membres Marques [\/vc_column_text][\/vc_column][\/vc_row][vc_row][vc_column][\/vc_column][\/vc_row]<\/p>\n","protected":false},"author":1,"featured_media":0,"parent":10,"menu_order":0,"comment_status":"closed","ping_status":"closed","template":"","meta":{"_acf_changed":false,"footnotes":""},"class_list":["post-38","page","type-page","status-publish","hentry"],"acf":[],"yoast_head":"<!-- This site is optimized with the Yoast SEO plugin v24.3 - https:\/\/yoast.com\/wordpress\/plugins\/seo\/ -->\n<title>Marques - Swisscos<\/title>\n<meta name=\"robots\" content=\"index, follow, max-snippet:-1, max-image-preview:large, max-video-preview:-1\" \/>\n<link rel=\"canonical\" href=\"https:\/\/www.swisscos.swiss\/fr\/membres\/marques\/\" \/>\n<meta property=\"og:locale\" content=\"fr_FR\" \/>\n<meta property=\"og:type\" content=\"article\" \/>\n<meta property=\"og:title\" content=\"Marques - Swisscos\" \/>\n<meta property=\"og:description\" content=\"[vc_row full_width=\u00a0\u00bbstretch_row\u00a0\u00bb content_placement=\u00a0\u00bbmiddle\u00a0\u00bb el_class=\u00a0\u00bbbanner\u00a0\u00bb css=\u00a0\u00bb.vc_custom_1646743559740{background-image: url(http:\/\/www.swisscos.swiss\/wp-content\/uploads\/2022\/03\/background-membres.jpg?id=135) !important;}\u00a0\u00bb][vc_column][vc_column_text] Nos membres Marques [\/vc_column_text][\/vc_column][\/vc_row][vc_row full_width=\u00a0\u00bbstretch_row\u00a0\u00bb content_placement=\u00a0\u00bbmiddle\u00a0\u00bb el_class=\u00a0\u00bbbanner-mobile banner\u00a0\u00bb css=\u00a0\u00bb.vc_custom_1647607843621{background-image: url(http:\/\/www.swisscos.swiss\/wp-content\/uploads\/2022\/03\/background-membres-mobile.png?id=270) !important;}\u00a0\u00bb][vc_column][vc_column_text] Nos membres Marques [\/vc_column_text][\/vc_column][\/vc_row][vc_row][vc_column][\/vc_column][\/vc_row]\" \/>\n<meta property=\"og:url\" content=\"https:\/\/www.swisscos.swiss\/fr\/membres\/marques\/\" \/>\n<meta property=\"og:site_name\" content=\"Swisscos\" \/>\n<meta property=\"article:modified_time\" content=\"2022-03-18T12:50:45+00:00\" \/>\n<meta name=\"twitter:card\" content=\"summary_large_image\" \/>\n<script type=\"application\/ld+json\" class=\"yoast-schema-graph\">{\"@context\":\"https:\/\/schema.org\",\"@graph\":[{\"@type\":\"WebPage\",\"@id\":\"https:\/\/www.swisscos.swiss\/fr\/membres\/marques\/\",\"url\":\"https:\/\/www.swisscos.swiss\/fr\/membres\/marques\/\",\"name\":\"Marques - Swisscos\",\"isPartOf\":{\"@id\":\"https:\/\/www.swisscos.swiss\/fr\/#website\"},\"datePublished\":\"2022-03-07T10:44:27+00:00\",\"dateModified\":\"2022-03-18T12:50:45+00:00\",\"breadcrumb\":{\"@id\":\"https:\/\/www.swisscos.swiss\/fr\/membres\/marques\/#breadcrumb\"},\"inLanguage\":\"fr-FR\",\"potentialAction\":[{\"@type\":\"ReadAction\",\"target\":[\"https:\/\/www.swisscos.swiss\/fr\/membres\/marques\/\"]}]},{\"@type\":\"BreadcrumbList\",\"@id\":\"https:\/\/www.swisscos.swiss\/fr\/membres\/marques\/#breadcrumb\",\"itemListElement\":[{\"@type\":\"ListItem\",\"position\":1,\"name\":\"Accueil\",\"item\":\"https:\/\/www.swisscos.swiss\/fr\/\"},{\"@type\":\"ListItem\",\"position\":2,\"name\":\"Membres\",\"item\":\"https:\/\/www.swisscos.swiss\/fr\/membres\/\"},{\"@type\":\"ListItem\",\"position\":3,\"name\":\"Marques\"}]},{\"@type\":\"WebSite\",\"@id\":\"https:\/\/www.swisscos.swiss\/fr\/#website\",\"url\":\"https:\/\/www.swisscos.swiss\/fr\/\",\"name\":\"Swisscos\",\"description\":\"Un site utilisant WordPress\",\"publisher\":{\"@id\":\"https:\/\/www.swisscos.swiss\/fr\/#organization\"},\"potentialAction\":[{\"@type\":\"SearchAction\",\"target\":{\"@type\":\"EntryPoint\",\"urlTemplate\":\"https:\/\/www.swisscos.swiss\/fr\/?s={search_term_string}\"},\"query-input\":{\"@type\":\"PropertyValueSpecification\",\"valueRequired\":true,\"valueName\":\"search_term_string\"}}],\"inLanguage\":\"fr-FR\"},{\"@type\":\"Organization\",\"@id\":\"https:\/\/www.swisscos.swiss\/fr\/#organization\",\"name\":\"Swisscos\",\"url\":\"https:\/\/www.swisscos.swiss\/fr\/\",\"logo\":{\"@type\":\"ImageObject\",\"inLanguage\":\"fr-FR\",\"@id\":\"https:\/\/www.swisscos.swiss\/fr\/#\/schema\/logo\/image\/\",\"url\":\"https:\/\/www.swisscos.swiss\/wp-content\/uploads\/2022\/03\/logo-1.png\",\"contentUrl\":\"https:\/\/www.swisscos.swiss\/wp-content\/uploads\/2022\/03\/logo-1.png\",\"width\":256,\"height\":256,\"caption\":\"Swisscos\"},\"image\":{\"@id\":\"https:\/\/www.swisscos.swiss\/fr\/#\/schema\/logo\/image\/\"},\"sameAs\":[\"https:\/\/www.instagram.com\/swisscos.swiss\/?hl=fr\",\"https:\/\/www.linkedin.com\/in\/swisscos\/\"]}]}<\/script>\n<!-- \/ Yoast SEO plugin. -->","yoast_head_json":{"title":"Marques - Swisscos","robots":{"index":"index","follow":"follow","max-snippet":"max-snippet:-1","max-image-preview":"max-image-preview:large","max-video-preview":"max-video-preview:-1"},"canonical":"https:\/\/www.swisscos.swiss\/fr\/membres\/marques\/","og_locale":"fr_FR","og_type":"article","og_title":"Marques - Swisscos","og_description":"[vc_row full_width=\u00a0\u00bbstretch_row\u00a0\u00bb content_placement=\u00a0\u00bbmiddle\u00a0\u00bb el_class=\u00a0\u00bbbanner\u00a0\u00bb css=\u00a0\u00bb.vc_custom_1646743559740{background-image: url(http:\/\/www.swisscos.swiss\/wp-content\/uploads\/2022\/03\/background-membres.jpg?id=135) !important;}\u00a0\u00bb][vc_column][vc_column_text] Nos membres Marques [\/vc_column_text][\/vc_column][\/vc_row][vc_row full_width=\u00a0\u00bbstretch_row\u00a0\u00bb content_placement=\u00a0\u00bbmiddle\u00a0\u00bb el_class=\u00a0\u00bbbanner-mobile banner\u00a0\u00bb css=\u00a0\u00bb.vc_custom_1647607843621{background-image: url(http:\/\/www.swisscos.swiss\/wp-content\/uploads\/2022\/03\/background-membres-mobile.png?id=270) !important;}\u00a0\u00bb][vc_column][vc_column_text] Nos membres Marques [\/vc_column_text][\/vc_column][\/vc_row][vc_row][vc_column][\/vc_column][\/vc_row]","og_url":"https:\/\/www.swisscos.swiss\/fr\/membres\/marques\/","og_site_name":"Swisscos","article_modified_time":"2022-03-18T12:50:45+00:00","twitter_card":"summary_large_image","schema":{"@context":"https:\/\/schema.org","@graph":[{"@type":"WebPage","@id":"https:\/\/www.swisscos.swiss\/fr\/membres\/marques\/","url":"https:\/\/www.swisscos.swiss\/fr\/membres\/marques\/","name":"Marques - Swisscos","isPartOf":{"@id":"https:\/\/www.swisscos.swiss\/fr\/#website"},"datePublished":"2022-03-07T10:44:27+00:00","dateModified":"2022-03-18T12:50:45+00:00","breadcrumb":{"@id":"https:\/\/www.swisscos.swiss\/fr\/membres\/marques\/#breadcrumb"},"inLanguage":"fr-FR","potentialAction":[{"@type":"ReadAction","target":["https:\/\/www.swisscos.swiss\/fr\/membres\/marques\/"]}]},{"@type":"BreadcrumbList","@id":"https:\/\/www.swisscos.swiss\/fr\/membres\/marques\/#breadcrumb","itemListElement":[{"@type":"ListItem","position":1,"name":"Accueil","item":"https:\/\/www.swisscos.swiss\/fr\/"},{"@type":"ListItem","position":2,"name":"Membres","item":"https:\/\/www.swisscos.swiss\/fr\/membres\/"},{"@type":"ListItem","position":3,"name":"Marques"}]},{"@type":"WebSite","@id":"https:\/\/www.swisscos.swiss\/fr\/#website","url":"https:\/\/www.swisscos.swiss\/fr\/","name":"Swisscos","description":"Un site utilisant WordPress","publisher":{"@id":"https:\/\/www.swisscos.swiss\/fr\/#organization"},"potentialAction":[{"@type":"SearchAction","target":{"@type":"EntryPoint","urlTemplate":"https:\/\/www.swisscos.swiss\/fr\/?s={search_term_string}"},"query-input":{"@type":"PropertyValueSpecification","valueRequired":true,"valueName":"search_term_string"}}],"inLanguage":"fr-FR"},{"@type":"Organization","@id":"https:\/\/www.swisscos.swiss\/fr\/#organization","name":"Swisscos","url":"https:\/\/www.swisscos.swiss\/fr\/","logo":{"@type":"ImageObject","inLanguage":"fr-FR","@id":"https:\/\/www.swisscos.swiss\/fr\/#\/schema\/logo\/image\/","url":"https:\/\/www.swisscos.swiss\/wp-content\/uploads\/2022\/03\/logo-1.png","contentUrl":"https:\/\/www.swisscos.swiss\/wp-content\/uploads\/2022\/03\/logo-1.png","width":256,"height":256,"caption":"Swisscos"},"image":{"@id":"https:\/\/www.swisscos.swiss\/fr\/#\/schema\/logo\/image\/"},"sameAs":["https:\/\/www.instagram.com\/swisscos.swiss\/?hl=fr","https:\/\/www.linkedin.com\/in\/swisscos\/"]}]}},"_links":{"self":[{"href":"https:\/\/www.swisscos.swiss\/fr\/wp-json\/wp\/v2\/pages\/38","targetHints":{"allow":["GET"]}}],"collection":[{"href":"https:\/\/www.swisscos.swiss\/fr\/wp-json\/wp\/v2\/pages"}],"about":[{"href":"https:\/\/www.swisscos.swiss\/fr\/wp-json\/wp\/v2\/types\/page"}],"author":[{"embeddable":true,"href":"https:\/\/www.swisscos.swiss\/fr\/wp-json\/wp\/v2\/users\/1"}],"replies":[{"embeddable":true,"href":"https:\/\/www.swisscos.swiss\/fr\/wp-json\/wp\/v2\/comments?post=38"}],"version-history":[{"count":3,"href":"https:\/\/www.swisscos.swiss\/fr\/wp-json\/wp\/v2\/pages\/38\/revisions"}],"predecessor-version":[{"id":274,"href":"https:\/\/www.swisscos.swiss\/fr\/wp-json\/wp\/v2\/pages\/38\/revisions\/274"}],"up":[{"embeddable":true,"href":"https:\/\/www.swisscos.swiss\/fr\/wp-json\/wp\/v2\/pages\/10"}],"wp:attachment":[{"href":"https:\/\/www.swisscos.swiss\/fr\/wp-json\/wp\/v2\/media?parent=38"}],"curies":[{"name":"wp","href":"https:\/\/api.w.org\/{rel}","templated":true}]}}