{"id":25,"date":"2022-03-04T15:58:37","date_gmt":"2022-03-04T14:58:37","guid":{"rendered":"http:\/\/www.swisscos.swiss\/?page_id=25"},"modified":"2024-06-28T11:44:01","modified_gmt":"2024-06-28T09:44:01","slug":"accueil","status":"publish","type":"page","link":"https:\/\/www.swisscos.swiss\/fr\/","title":{"rendered":"Accueil"},"content":{"rendered":"<p>[vc_row full_width=\u00a0\u00bbstretch_row\u00a0\u00bb content_placement=\u00a0\u00bbbottom\u00a0\u00bb el_class=\u00a0\u00bbintro top-0&Prime;][vc_column][vc_row_inner content_placement=\u00a0\u00bbbottom\u00a0\u00bb][vc_column_inner width=\u00a0\u00bb1\/2&Prime;][vc_single_image image=\u00a0\u00bb43&Prime; img_size=\u00a0\u00bbfull\u00a0\u00bb][\/vc_column_inner][vc_column_inner width=\u00a0\u00bb1\/2&Prime;][vc_column_text]<\/p>\n<h1>LA COSM\u00e9TIQUE SUISSE:<br \/>\nUne valeur s\u00fbre,<br \/>\nBien prot\u00e9g\u00e9e.<\/h1>\n<p>Swisscos, association suisse d\u2019utilit\u00e9 publique, soutenue par la Conf\u00e9d\u00e9ration helv\u00e9tique, vous pr\u00e9sente les derni\u00e8res informations en vigueur sur l\u2019utilisation du \u00abSWISS MADE\u00bb pour la cosm\u00e9tique.<\/p>\n<p><a class=\"button\" href=\"https:\/\/www.swisscos.swiss\/association\/\">En savoir plus<\/a>[\/vc_column_text][\/vc_column_inner][\/vc_row_inner][\/vc_column][\/vc_row][vc_row full_width=\u00a0\u00bbstretch_row\u00a0\u00bb css=\u00a0\u00bb.vc_custom_1646652315883{background-image: url(http:\/\/www.swisscos.swiss\/wp-content\/uploads\/2022\/03\/fond-membre.png?id=52) !important;}\u00a0\u00bb el_class=\u00a0\u00bbmembres\u00a0\u00bb][vc_column][vc_row_inner equal_height=\u00a0\u00bbyes\u00a0\u00bb][vc_column_inner width=\u00a0\u00bb1\/3&Prime;][vc_column_text]<\/p>\n<h2>Nos membres<\/h2>\n<p>Nos membres sont s\u00e9lectionn\u00e9s parmi les entreprises les plus repr\u00e9sentatives de la cosm\u00e9tique suisse.<\/p>\n<p><a class=\"button\" href=\"http:\/\/www.swisscos.swiss\/fr\/devenir-membre\/\">Devenir membre<\/a>[\/vc_column_text][\/vc_column_inner][vc_column_inner el_class=\u00a0\u00bbwhite\u00a0\u00bb width=\u00a0\u00bb1\/3&Prime;][vc_single_image image=\u00a0\u00bb60&Prime; img_size=\u00a0\u00bbfull\u00a0\u00bb alignment=\u00a0\u00bbcenter\u00a0\u00bb][vc_column_text]<\/p>\n<h4 style=\"text-align: center;\">Fabricants<\/h4>\n<p style=\"text-align: center;\">Une fabrication s\u00e9curis\u00e9e et<br \/>\norganis\u00e9e qui s\u2019adapte au march\u00e9.<\/p>\n<p style=\"text-align: center;\"><a href=\"http:\/\/www.swisscos.swiss\/fr\/membres\/fabricants\/\">Voir tous les fabriquants &gt;<\/a><\/p>\n<p>[\/vc_column_text][\/vc_column_inner][vc_column_inner el_class=\u00a0\u00bbwhite\u00a0\u00bb width=\u00a0\u00bb1\/3&Prime;][vc_single_image image=\u00a0\u00bb63&Prime; img_size=\u00a0\u00bbfull\u00a0\u00bb alignment=\u00a0\u00bbcenter\u00a0\u00bb][vc_column_text]<\/p>\n<h4 style=\"text-align: center;\">Marques<\/h4>\n<p style=\"text-align: center;\">Des marques reconnues garantissant<br \/>\nune origine certifi\u00e9e suisse.<\/p>\n<p style=\"text-align: center;\"><a href=\"http:\/\/www.swisscos.swiss\/fr\/membres\/marques\/\">Voir toutes les marques &gt;<\/a><\/p>\n<p>[\/vc_column_text][\/vc_column_inner][\/vc_row_inner][\/vc_column][\/vc_row][vc_row full_width=\u00a0\u00bbstretch_row\u00a0\u00bb css=\u00a0\u00bb.vc_custom_1646653614727{background-image: url(http:\/\/www.swisscos.swiss\/wp-content\/uploads\/2022\/03\/background-apropos-1.png?id=70) !important;}\u00a0\u00bb el_class=\u00a0\u00bbapropos\u00a0\u00bb][vc_column][vc_row_inner][vc_column_inner width=\u00a0\u00bb1\/2&Prime;][vc_single_image image=\u00a0\u00bb75&Prime; img_size=\u00a0\u00bbfull\u00a0\u00bb][\/vc_column_inner][vc_column_inner width=\u00a0\u00bb1\/2&Prime;][vc_column_text]<\/p>\n<h2>Association pour la protection de l\u2019origine des cosm\u00e9tiques suisses<\/h2>\n<p><strong>Qui sommes-nous?<\/strong><\/p>\n<p>Sur la base de la l\u00e9gislation suisse en vigueur et avec l\u2019appui des Autorit\u00e9s f\u00e9d\u00e9rales suisses, l\u2019association SWISSCOS applique \u00e0 ses membres les r\u00e8gles les plus strictes pour garantir \u00e0 leurs partenaires internationaux, ainsi qu\u2019\u00e0 leur client\u00e8le, une origine suisse certifi\u00e9e. SWISSCOS collabore avec les Autorit\u00e9s f\u00e9d\u00e9rales suisses pour assigner toute entreprise qui utilise ill\u00e9galement la d\u00e9signation \u00abSwiss Made\u00bb sur ses produits.[\/vc_column_text][vc_column_text el_class=\u00a0\u00bbblack\u00a0\u00bb]<strong>SWISSCOS signifie<\/strong>:<\/p>\n<ul>\n<li>Membres suisses<\/li>\n<li>100% fabrication et conditionnement en Suisse<\/li>\n<li>Recherche et d\u00e9veloppement en Suisse<\/li>\n<li>Normes de production exigeantes<\/li>\n<li>Qualit\u00e9 et tradition<\/li>\n<li>Responsabilit\u00e9 et fiabilit\u00e9<\/li>\n<li>Notori\u00e9t\u00e9 des marques<\/li>\n<\/ul>\n<p>[\/vc_column_text][\/vc_column_inner][\/vc_row_inner][\/vc_column][\/vc_row][vc_row full_width=\u00a0\u00bbstretch_row\u00a0\u00bb el_class=\u00a0\u00bbgarantie\u00a0\u00bb][vc_column][vc_row_inner][vc_column_inner width=\u00a0\u00bb7\/12&Prime;][vc_column_text]<\/p>\n<h2>Garantie suisse de l\u2019origine suisse des produits cosm\u00e9tiques.<\/h2>\n<p>[\/vc_column_text][\/vc_column_inner][vc_column_inner width=\u00a0\u00bb5\/12&Prime;][\/vc_column_inner][\/vc_row_inner][vc_row_inner][vc_column_inner width=\u00a0\u00bb4\/12&Prime;][vc_column_text]Con\u00e7ue pour renforcer la confiance:<\/p>\n<ul>\n<li>de la client\u00e8le<\/li>\n<li>des distributeurs<\/li>\n<li>des importateurs<\/li>\n<li>des autorit\u00e9s<\/li>\n<\/ul>\n<p><strong>Partout dans le monde.<\/strong><\/p>\n<p>L\u2019association SWISSCOS a tous pouvoirs pour poursuivre tous contrevenants ou complices d\u2019un contrevenant; est consid\u00e9r\u00e9 comme complice un distributeur de produits cosm\u00e9tiques usurpant l\u2019appellation Suisse.<\/p>\n<p>La distribution de produits cosm\u00e9tiques usurpant l\u2019appellation Swiss, Swiss Made ou Switzerland est passible de poursuites judiciaires de la part des associations en charge de la d\u00e9fense de l\u2019appellation Swiss, Swiss Made ou Switzerland.[\/vc_column_text][\/vc_column_inner][vc_column_inner width=\u00a0\u00bb8\/12&Prime;][vc_single_image image=\u00a0\u00bb90&Prime; img_size=\u00a0\u00bbfull\u00a0\u00bb el_class=\u00a0\u00bbmap\u00a0\u00bb][\/vc_column_inner][\/vc_row_inner][\/vc_column][\/vc_row]<\/p>\n","protected":false},"excerpt":{"rendered":"<p>[vc_row full_width=\u00a0\u00bbstretch_row\u00a0\u00bb content_placement=\u00a0\u00bbbottom\u00a0\u00bb el_class=\u00a0\u00bbintro top-0&Prime;][vc_column][vc_row_inner content_placement=\u00a0\u00bbbottom\u00a0\u00bb][vc_column_inner width=\u00a0\u00bb1\/2&Prime;][vc_single_image image=\u00a0\u00bb43&Prime; img_size=\u00a0\u00bbfull\u00a0\u00bb][\/vc_column_inner][vc_column_inner width=\u00a0\u00bb1\/2&Prime;][vc_column_text] LA COSM\u00e9TIQUE SUISSE: Une valeur s\u00fbre, Bien prot\u00e9g\u00e9e. Swisscos, association suisse d\u2019utilit\u00e9 publique, soutenue par la Conf\u00e9d\u00e9ration helv\u00e9tique, vous pr\u00e9sente les derni\u00e8res informations en vigueur sur l\u2019utilisation du \u00abSWISS MADE\u00bb pour la cosm\u00e9tique. En savoir plus[\/vc_column_text][\/vc_column_inner][\/vc_row_inner][\/vc_column][\/vc_row][vc_row full_width=\u00a0\u00bbstretch_row\u00a0\u00bb css=\u00a0\u00bb.vc_custom_1646652315883{background-image: url(http:\/\/www.swisscos.swiss\/wp-content\/uploads\/2022\/03\/fond-membre.png?id=52) !important;}\u00a0\u00bb el_class=\u00a0\u00bbmembres\u00a0\u00bb][vc_column][vc_row_inner equal_height=\u00a0\u00bbyes\u00a0\u00bb][vc_column_inner width=\u00a0\u00bb1\/3&Prime;][vc_column_text] Nos membres [&hellip;]<\/p>\n","protected":false},"author":1,"featured_media":0,"parent":0,"menu_order":0,"comment_status":"closed","ping_status":"closed","template":"","meta":{"_acf_changed":false,"footnotes":""},"class_list":["post-25","page","type-page","status-publish","hentry"],"acf":[],"yoast_head":"<!-- This site is optimized with the Yoast SEO plugin v24.3 - https:\/\/yoast.com\/wordpress\/plugins\/seo\/ -->\n<title>Accueil - Swisscos<\/title>\n<meta name=\"robots\" content=\"index, follow, max-snippet:-1, max-image-preview:large, max-video-preview:-1\" \/>\n<link rel=\"canonical\" href=\"https:\/\/www.swisscos.swiss\/fr\/\" \/>\n<meta property=\"og:locale\" content=\"fr_FR\" \/>\n<meta property=\"og:type\" content=\"article\" \/>\n<meta property=\"og:title\" content=\"Accueil - Swisscos\" \/>\n<meta property=\"og:description\" content=\"[vc_row full_width=\u00a0\u00bbstretch_row\u00a0\u00bb content_placement=\u00a0\u00bbbottom\u00a0\u00bb el_class=\u00a0\u00bbintro top-0&Prime;][vc_column][vc_row_inner content_placement=\u00a0\u00bbbottom\u00a0\u00bb][vc_column_inner width=\u00a0\u00bb1\/2&Prime;][vc_single_image image=\u00a0\u00bb43&Prime; img_size=\u00a0\u00bbfull\u00a0\u00bb][\/vc_column_inner][vc_column_inner width=\u00a0\u00bb1\/2&Prime;][vc_column_text] LA COSM\u00e9TIQUE SUISSE: Une valeur s\u00fbre, Bien prot\u00e9g\u00e9e. Swisscos, association suisse d\u2019utilit\u00e9 publique, soutenue par la Conf\u00e9d\u00e9ration helv\u00e9tique, vous pr\u00e9sente les derni\u00e8res informations en vigueur sur l\u2019utilisation du \u00abSWISS MADE\u00bb pour la cosm\u00e9tique. En savoir plus[\/vc_column_text][\/vc_column_inner][\/vc_row_inner][\/vc_column][\/vc_row][vc_row full_width=\u00a0\u00bbstretch_row\u00a0\u00bb css=\u00a0\u00bb.vc_custom_1646652315883{background-image: url(http:\/\/www.swisscos.swiss\/wp-content\/uploads\/2022\/03\/fond-membre.png?id=52) !important;}\u00a0\u00bb el_class=\u00a0\u00bbmembres\u00a0\u00bb][vc_column][vc_row_inner equal_height=\u00a0\u00bbyes\u00a0\u00bb][vc_column_inner width=\u00a0\u00bb1\/3&Prime;][vc_column_text] Nos membres [&hellip;]\" \/>\n<meta property=\"og:url\" content=\"https:\/\/www.swisscos.swiss\/fr\/\" \/>\n<meta property=\"og:site_name\" content=\"Swisscos\" \/>\n<meta property=\"article:modified_time\" content=\"2024-06-28T09:44:01+00:00\" \/>\n<meta name=\"twitter:card\" content=\"summary_large_image\" \/>\n<meta name=\"twitter:label1\" content=\"Dur\u00e9e de lecture estim\u00e9e\" \/>\n\t<meta name=\"twitter:data1\" content=\"1 minute\" \/>\n<script type=\"application\/ld+json\" class=\"yoast-schema-graph\">{\"@context\":\"https:\/\/schema.org\",\"@graph\":[{\"@type\":\"WebPage\",\"@id\":\"https:\/\/www.swisscos.swiss\/fr\/\",\"url\":\"https:\/\/www.swisscos.swiss\/fr\/\",\"name\":\"Accueil - Swisscos\",\"isPartOf\":{\"@id\":\"https:\/\/www.swisscos.swiss\/fr\/#website\"},\"datePublished\":\"2022-03-04T14:58:37+00:00\",\"dateModified\":\"2024-06-28T09:44:01+00:00\",\"breadcrumb\":{\"@id\":\"https:\/\/www.swisscos.swiss\/fr\/#breadcrumb\"},\"inLanguage\":\"fr-FR\",\"potentialAction\":[{\"@type\":\"ReadAction\",\"target\":[\"https:\/\/www.swisscos.swiss\/fr\/\"]}]},{\"@type\":\"BreadcrumbList\",\"@id\":\"https:\/\/www.swisscos.swiss\/fr\/#breadcrumb\",\"itemListElement\":[{\"@type\":\"ListItem\",\"position\":1,\"name\":\"Accueil\",\"item\":\"https:\/\/www.swisscos.swiss\/fr\/\"},{\"@type\":\"ListItem\",\"position\":2,\"name\":\"Accueil\"}]},{\"@type\":\"WebSite\",\"@id\":\"https:\/\/www.swisscos.swiss\/fr\/#website\",\"url\":\"https:\/\/www.swisscos.swiss\/fr\/\",\"name\":\"Swisscos\",\"description\":\"Un site utilisant WordPress\",\"publisher\":{\"@id\":\"https:\/\/www.swisscos.swiss\/fr\/#organization\"},\"potentialAction\":[{\"@type\":\"SearchAction\",\"target\":{\"@type\":\"EntryPoint\",\"urlTemplate\":\"https:\/\/www.swisscos.swiss\/fr\/?s={search_term_string}\"},\"query-input\":{\"@type\":\"PropertyValueSpecification\",\"valueRequired\":true,\"valueName\":\"search_term_string\"}}],\"inLanguage\":\"fr-FR\"},{\"@type\":\"Organization\",\"@id\":\"https:\/\/www.swisscos.swiss\/fr\/#organization\",\"name\":\"Swisscos\",\"url\":\"https:\/\/www.swisscos.swiss\/fr\/\",\"logo\":{\"@type\":\"ImageObject\",\"inLanguage\":\"fr-FR\",\"@id\":\"https:\/\/www.swisscos.swiss\/fr\/#\/schema\/logo\/image\/\",\"url\":\"https:\/\/www.swisscos.swiss\/wp-content\/uploads\/2022\/03\/logo-1.png\",\"contentUrl\":\"https:\/\/www.swisscos.swiss\/wp-content\/uploads\/2022\/03\/logo-1.png\",\"width\":256,\"height\":256,\"caption\":\"Swisscos\"},\"image\":{\"@id\":\"https:\/\/www.swisscos.swiss\/fr\/#\/schema\/logo\/image\/\"},\"sameAs\":[\"https:\/\/www.instagram.com\/swisscos.swiss\/?hl=fr\",\"https:\/\/www.linkedin.com\/in\/swisscos\/\"]}]}<\/script>\n<!-- \/ Yoast SEO plugin. -->","yoast_head_json":{"title":"Accueil - Swisscos","robots":{"index":"index","follow":"follow","max-snippet":"max-snippet:-1","max-image-preview":"max-image-preview:large","max-video-preview":"max-video-preview:-1"},"canonical":"https:\/\/www.swisscos.swiss\/fr\/","og_locale":"fr_FR","og_type":"article","og_title":"Accueil - Swisscos","og_description":"[vc_row full_width=\u00a0\u00bbstretch_row\u00a0\u00bb content_placement=\u00a0\u00bbbottom\u00a0\u00bb el_class=\u00a0\u00bbintro top-0&Prime;][vc_column][vc_row_inner content_placement=\u00a0\u00bbbottom\u00a0\u00bb][vc_column_inner width=\u00a0\u00bb1\/2&Prime;][vc_single_image image=\u00a0\u00bb43&Prime; img_size=\u00a0\u00bbfull\u00a0\u00bb][\/vc_column_inner][vc_column_inner width=\u00a0\u00bb1\/2&Prime;][vc_column_text] LA COSM\u00e9TIQUE SUISSE: Une valeur s\u00fbre, Bien prot\u00e9g\u00e9e. Swisscos, association suisse d\u2019utilit\u00e9 publique, soutenue par la Conf\u00e9d\u00e9ration helv\u00e9tique, vous pr\u00e9sente les derni\u00e8res informations en vigueur sur l\u2019utilisation du \u00abSWISS MADE\u00bb pour la cosm\u00e9tique. En savoir plus[\/vc_column_text][\/vc_column_inner][\/vc_row_inner][\/vc_column][\/vc_row][vc_row full_width=\u00a0\u00bbstretch_row\u00a0\u00bb css=\u00a0\u00bb.vc_custom_1646652315883{background-image: url(http:\/\/www.swisscos.swiss\/wp-content\/uploads\/2022\/03\/fond-membre.png?id=52) !important;}\u00a0\u00bb el_class=\u00a0\u00bbmembres\u00a0\u00bb][vc_column][vc_row_inner equal_height=\u00a0\u00bbyes\u00a0\u00bb][vc_column_inner width=\u00a0\u00bb1\/3&Prime;][vc_column_text] Nos membres [&hellip;]","og_url":"https:\/\/www.swisscos.swiss\/fr\/","og_site_name":"Swisscos","article_modified_time":"2024-06-28T09:44:01+00:00","twitter_card":"summary_large_image","twitter_misc":{"Dur\u00e9e de lecture estim\u00e9e":"1 minute"},"schema":{"@context":"https:\/\/schema.org","@graph":[{"@type":"WebPage","@id":"https:\/\/www.swisscos.swiss\/fr\/","url":"https:\/\/www.swisscos.swiss\/fr\/","name":"Accueil - Swisscos","isPartOf":{"@id":"https:\/\/www.swisscos.swiss\/fr\/#website"},"datePublished":"2022-03-04T14:58:37+00:00","dateModified":"2024-06-28T09:44:01+00:00","breadcrumb":{"@id":"https:\/\/www.swisscos.swiss\/fr\/#breadcrumb"},"inLanguage":"fr-FR","potentialAction":[{"@type":"ReadAction","target":["https:\/\/www.swisscos.swiss\/fr\/"]}]},{"@type":"BreadcrumbList","@id":"https:\/\/www.swisscos.swiss\/fr\/#breadcrumb","itemListElement":[{"@type":"ListItem","position":1,"name":"Accueil","item":"https:\/\/www.swisscos.swiss\/fr\/"},{"@type":"ListItem","position":2,"name":"Accueil"}]},{"@type":"WebSite","@id":"https:\/\/www.swisscos.swiss\/fr\/#website","url":"https:\/\/www.swisscos.swiss\/fr\/","name":"Swisscos","description":"Un site utilisant WordPress","publisher":{"@id":"https:\/\/www.swisscos.swiss\/fr\/#organization"},"potentialAction":[{"@type":"SearchAction","target":{"@type":"EntryPoint","urlTemplate":"https:\/\/www.swisscos.swiss\/fr\/?s={search_term_string}"},"query-input":{"@type":"PropertyValueSpecification","valueRequired":true,"valueName":"search_term_string"}}],"inLanguage":"fr-FR"},{"@type":"Organization","@id":"https:\/\/www.swisscos.swiss\/fr\/#organization","name":"Swisscos","url":"https:\/\/www.swisscos.swiss\/fr\/","logo":{"@type":"ImageObject","inLanguage":"fr-FR","@id":"https:\/\/www.swisscos.swiss\/fr\/#\/schema\/logo\/image\/","url":"https:\/\/www.swisscos.swiss\/wp-content\/uploads\/2022\/03\/logo-1.png","contentUrl":"https:\/\/www.swisscos.swiss\/wp-content\/uploads\/2022\/03\/logo-1.png","width":256,"height":256,"caption":"Swisscos"},"image":{"@id":"https:\/\/www.swisscos.swiss\/fr\/#\/schema\/logo\/image\/"},"sameAs":["https:\/\/www.instagram.com\/swisscos.swiss\/?hl=fr","https:\/\/www.linkedin.com\/in\/swisscos\/"]}]}},"_links":{"self":[{"href":"https:\/\/www.swisscos.swiss\/fr\/wp-json\/wp\/v2\/pages\/25","targetHints":{"allow":["GET"]}}],"collection":[{"href":"https:\/\/www.swisscos.swiss\/fr\/wp-json\/wp\/v2\/pages"}],"about":[{"href":"https:\/\/www.swisscos.swiss\/fr\/wp-json\/wp\/v2\/types\/page"}],"author":[{"embeddable":true,"href":"https:\/\/www.swisscos.swiss\/fr\/wp-json\/wp\/v2\/users\/1"}],"replies":[{"embeddable":true,"href":"https:\/\/www.swisscos.swiss\/fr\/wp-json\/wp\/v2\/comments?post=25"}],"version-history":[{"count":35,"href":"https:\/\/www.swisscos.swiss\/fr\/wp-json\/wp\/v2\/pages\/25\/revisions"}],"predecessor-version":[{"id":1584,"href":"https:\/\/www.swisscos.swiss\/fr\/wp-json\/wp\/v2\/pages\/25\/revisions\/1584"}],"wp:attachment":[{"href":"https:\/\/www.swisscos.swiss\/fr\/wp-json\/wp\/v2\/media?parent=25"}],"curies":[{"name":"wp","href":"https:\/\/api.w.org\/{rel}","templated":true}]}}