{"id":769,"date":"2022-03-22T15:45:44","date_gmt":"2022-03-22T14:45:44","guid":{"rendered":"http:\/\/www.swisscos.swiss\/?page_id=769"},"modified":"2022-04-13T11:34:14","modified_gmt":"2022-04-13T09:34:14","slug":"asociacion","status":"publish","type":"page","link":"https:\/\/www.swisscos.swiss\/es\/asociacion\/","title":{"rendered":"Asociaci\u00f3n"},"content":{"rendered":"<p>[vc_row full_width=\u00bbstretch_row\u00bb content_placement=\u00bbmiddle\u00bb el_class=\u00bbbanner\u00bb css=\u00bb.vc_custom_1646670608653{background-image: url(http:\/\/www.swisscos.swiss\/wp-content\/uploads\/2022\/03\/bandeau-association-1.jpg?id=100) !important;}\u00bb][vc_column][vc_column_text]<\/p>\n<h2 style=\"text-align: center;\"><strong>Nuestra asociaci\u00f3n<\/strong><\/h2>\n<h3 style=\"text-align: center;\">swisscos<\/h3>\n<p>[\/vc_column_text][\/vc_column][\/vc_row][vc_row full_width=\u00bbstretch_row\u00bb content_placement=\u00bbmiddle\u00bb el_class=\u00bbbanner banner-mobile\u00bb css=\u00bb.vc_custom_1647607724121{background-image: url(http:\/\/www.swisscos.swiss\/wp-content\/uploads\/2022\/03\/bandeau-association-mobile.png?id=266) !important;}\u00bb][vc_column][vc_column_text]<\/p>\n<h2 style=\"text-align: center;\"><strong>Nuestra asociaci\u00f3n<\/strong><\/h2>\n<h3 style=\"text-align: center;\">swisscos<\/h3>\n<p>[\/vc_column_text][\/vc_column][\/vc_row][vc_row full_width=\u00bbstretch_row\u00bb el_class=\u00bbapropos\u00bb css=\u00bb.vc_custom_1646671170122{background-image: url(http:\/\/www.swisscos.swiss\/wp-content\/uploads\/2022\/03\/background-apropos-1.png?id=70) !important;}\u00bb][vc_column][vc_row_inner][vc_column_inner width=\u00bb1\/2&#8243;][vc_single_image image=\u00bb319&#8243; img_size=\u00bbfull\u00bb][\/vc_column_inner][vc_column_inner width=\u00bb1\/2&#8243;][vc_column_text]<\/p>\n<h2><strong>Asociaci\u00f3n para la protecci\u00f3n del origen de los cosm\u00e9ticos suizos<\/strong><\/h2>\n<p><strong>\u00bfQui\u00e9nes somos?<\/strong><\/p>\n<p>Bas\u00e1ndose en la legislaci\u00f3n suiza en vigor y con el apoyo de las Autoridades Federales suizas, la asociaci\u00f3n SWISSCOS aplica a sus miembros las reglas m\u00e1s estrictas para garantizar a sus colaboradores internacionales, as\u00ed como a sus clientes un origen suizo certificado. SWISSCOS colabora con las Autoridades Federales suizas para demandar a cualquier empresa que utilice de manera ilegal la designaci\u00f3n \u00abSwiss Made\u00bb en sus productos.[\/vc_column_text][vc_column_text el_class=\u00bbblack\u00bb]SWISSCOS significa:<\/p>\n<ul>\n<li>Miembros suizos<\/li>\n<li>Fabricaci\u00f3n y envasado 100 % en Suiza<\/li>\n<li>Investigaci\u00f3n y desarrollo en Suiza<\/li>\n<li>Normas de producci\u00f3n exigentes<\/li>\n<li>Calidad y tradici\u00f3n<\/li>\n<li>Responsabilidad y fiabilidad<\/li>\n<li>Notoriedad de las marcas<\/li>\n<\/ul>\n<p>[\/vc_column_text][\/vc_column_inner][\/vc_row_inner][\/vc_column][\/vc_row][vc_row full_width=\u00bbstretch_row\u00bb disable_element=\u00bbyes\u00bb el_class=\u00bbnews\u00bb][vc_column][vc_single_image image=\u00bb351&#8243; img_size=\u00bbfull\u00bb alignment=\u00bbcenter\u00bb][vc_column_text]<\/p>\n<h2 style=\"text-align: center;\">News<\/h2>\n<p>[\/vc_column_text]<div class='actualites'><div class='row'><\/div><div class='row'><div class='col-lg-12 text-center'><a href='https:\/\/www.swisscos.swiss\/fr\/news\/' class='button'>VER TODO<\/a><\/div><\/div><\/div>[\/vc_column][\/vc_row][vc_row][vc_column][vc_row_inner][vc_column_inner width=\u00bb8\/12&#8243;][vc_column_text]<\/p>\n<h2><strong>\u00bfC\u00f3mo saber si una marca de cosm\u00e9tica es realmente suiza?<\/strong><\/h2>\n<p><strong>El Decreto sobre la utilizaci\u00f3n de las indicaciones de procedencia suiza para los productos cosm\u00e9ticos del 23 de noviembre de 2016 estipula en el Art\u00edculo 3 que:<\/strong><\/p>\n<p><strong>Un producto cosm\u00e9tico podr\u00e1 incluir una indicaci\u00f3n de procedencia suiza cuando:<\/strong><\/p>\n<ol>\n<li>El 60 % al menos del precio de coste est\u00e9 generado en Suiza<\/li>\n<li>El 80 % al menos de los costes de investigaci\u00f3n y desarrollo y de los costes de fabricaci\u00f3n est\u00e9n generados en Suiza y<\/li>\n<li>Las actividades siguientes hayan tenido lugar en Suiza o en el lugar indicado en Suiza:\n<ol>\n<li>La producci\u00f3n a granel<\/li>\n<li>El envasado del producto cosm\u00e9tico en el envase primario, o el ensamblaje del producto a granel y del dispositivo de aplicaci\u00f3n en un producto cosm\u00e9tico acabado y<\/li>\n<li>Los controles de calidad y las certificaciones prescritas por la ley o reguladas de manera uniforme con respecto al sector.<\/li>\n<\/ol>\n<\/li>\n<\/ol>\n<p>[\/vc_column_text][\/vc_column_inner][vc_column_inner width=\u00bb4\/12&#8243;][\/vc_column_inner][\/vc_row_inner][\/vc_column][\/vc_row]<\/p>\n","protected":false},"excerpt":{"rendered":"<p>[vc_row full_width=\u00bbstretch_row\u00bb content_placement=\u00bbmiddle\u00bb el_class=\u00bbbanner\u00bb css=\u00bb.vc_custom_1646670608653{background-image: url(http:\/\/www.swisscos.swiss\/wp-content\/uploads\/2022\/03\/bandeau-association-1.jpg?id=100) !important;}\u00bb][vc_column][vc_column_text] Nuestra asociaci\u00f3n swisscos [\/vc_column_text][\/vc_column][\/vc_row][vc_row full_width=\u00bbstretch_row\u00bb content_placement=\u00bbmiddle\u00bb el_class=\u00bbbanner banner-mobile\u00bb css=\u00bb.vc_custom_1647607724121{background-image: url(http:\/\/www.swisscos.swiss\/wp-content\/uploads\/2022\/03\/bandeau-association-mobile.png?id=266) !important;}\u00bb][vc_column][vc_column_text] Nuestra asociaci\u00f3n swisscos [\/vc_column_text][\/vc_column][\/vc_row][vc_row full_width=\u00bbstretch_row\u00bb el_class=\u00bbapropos\u00bb css=\u00bb.vc_custom_1646671170122{background-image: url(http:\/\/www.swisscos.swiss\/wp-content\/uploads\/2022\/03\/background-apropos-1.png?id=70) !important;}\u00bb][vc_column][vc_row_inner][vc_column_inner width=\u00bb1\/2&#8243;][vc_single_image image=\u00bb319&#8243; img_size=\u00bbfull\u00bb][\/vc_column_inner][vc_column_inner width=\u00bb1\/2&#8243;][vc_column_text] Asociaci\u00f3n para la protecci\u00f3n del origen de los cosm\u00e9ticos suizos \u00bfQui\u00e9nes somos? Bas\u00e1ndose en la legislaci\u00f3n suiza en vigor y con el apoyo de [&hellip;]<\/p>\n","protected":false},"author":1,"featured_media":0,"parent":0,"menu_order":0,"comment_status":"closed","ping_status":"closed","template":"","meta":{"_acf_changed":false,"footnotes":""},"class_list":["post-769","page","type-page","status-publish","hentry"],"acf":[],"yoast_head":"<!-- This site is optimized with the Yoast SEO plugin v24.3 - https:\/\/yoast.com\/wordpress\/plugins\/seo\/ -->\n<title>Asociaci\u00f3n - Swisscos<\/title>\n<meta name=\"robots\" content=\"index, follow, max-snippet:-1, max-image-preview:large, max-video-preview:-1\" \/>\n<link rel=\"canonical\" href=\"https:\/\/www.swisscos.swiss\/es\/asociacion\/\" \/>\n<meta property=\"og:locale\" content=\"es_ES\" \/>\n<meta property=\"og:type\" content=\"article\" \/>\n<meta property=\"og:title\" content=\"Asociaci\u00f3n - Swisscos\" \/>\n<meta property=\"og:description\" content=\"[vc_row full_width=\u00bbstretch_row\u00bb content_placement=\u00bbmiddle\u00bb el_class=\u00bbbanner\u00bb css=\u00bb.vc_custom_1646670608653{background-image: url(http:\/\/www.swisscos.swiss\/wp-content\/uploads\/2022\/03\/bandeau-association-1.jpg?id=100) !important;}\u00bb][vc_column][vc_column_text] Nuestra asociaci\u00f3n swisscos [\/vc_column_text][\/vc_column][\/vc_row][vc_row full_width=\u00bbstretch_row\u00bb content_placement=\u00bbmiddle\u00bb el_class=\u00bbbanner banner-mobile\u00bb css=\u00bb.vc_custom_1647607724121{background-image: url(http:\/\/www.swisscos.swiss\/wp-content\/uploads\/2022\/03\/bandeau-association-mobile.png?id=266) !important;}\u00bb][vc_column][vc_column_text] Nuestra asociaci\u00f3n swisscos [\/vc_column_text][\/vc_column][\/vc_row][vc_row full_width=\u00bbstretch_row\u00bb el_class=\u00bbapropos\u00bb css=\u00bb.vc_custom_1646671170122{background-image: url(http:\/\/www.swisscos.swiss\/wp-content\/uploads\/2022\/03\/background-apropos-1.png?id=70) !important;}\u00bb][vc_column][vc_row_inner][vc_column_inner width=\u00bb1\/2&#8243;][vc_single_image image=\u00bb319&#8243; img_size=\u00bbfull\u00bb][\/vc_column_inner][vc_column_inner width=\u00bb1\/2&#8243;][vc_column_text] Asociaci\u00f3n para la protecci\u00f3n del origen de los cosm\u00e9ticos suizos \u00bfQui\u00e9nes somos? Bas\u00e1ndose en la legislaci\u00f3n suiza en vigor y con el apoyo de [&hellip;]\" \/>\n<meta property=\"og:url\" content=\"https:\/\/www.swisscos.swiss\/es\/asociacion\/\" \/>\n<meta property=\"og:site_name\" content=\"Swisscos\" \/>\n<meta property=\"article:modified_time\" content=\"2022-04-13T09:34:14+00:00\" \/>\n<meta name=\"twitter:card\" content=\"summary_large_image\" \/>\n<meta name=\"twitter:label1\" content=\"Tiempo de lectura\" \/>\n\t<meta name=\"twitter:data1\" content=\"3 minutos\" \/>\n<script type=\"application\/ld+json\" class=\"yoast-schema-graph\">{\"@context\":\"https:\/\/schema.org\",\"@graph\":[{\"@type\":\"WebPage\",\"@id\":\"https:\/\/www.swisscos.swiss\/es\/asociacion\/\",\"url\":\"https:\/\/www.swisscos.swiss\/es\/asociacion\/\",\"name\":\"Asociaci\u00f3n - Swisscos\",\"isPartOf\":{\"@id\":\"https:\/\/www.swisscos.swiss\/es\/#website\"},\"datePublished\":\"2022-03-22T14:45:44+00:00\",\"dateModified\":\"2022-04-13T09:34:14+00:00\",\"breadcrumb\":{\"@id\":\"https:\/\/www.swisscos.swiss\/es\/asociacion\/#breadcrumb\"},\"inLanguage\":\"es\",\"potentialAction\":[{\"@type\":\"ReadAction\",\"target\":[\"https:\/\/www.swisscos.swiss\/es\/asociacion\/\"]}]},{\"@type\":\"BreadcrumbList\",\"@id\":\"https:\/\/www.swisscos.swiss\/es\/asociacion\/#breadcrumb\",\"itemListElement\":[{\"@type\":\"ListItem\",\"position\":1,\"name\":\"Accueil\",\"item\":\"https:\/\/www.swisscos.swiss\/es\/\"},{\"@type\":\"ListItem\",\"position\":2,\"name\":\"Asociaci\u00f3n\"}]},{\"@type\":\"WebSite\",\"@id\":\"https:\/\/www.swisscos.swiss\/es\/#website\",\"url\":\"https:\/\/www.swisscos.swiss\/es\/\",\"name\":\"Swisscos\",\"description\":\"Un site utilisant WordPress\",\"publisher\":{\"@id\":\"https:\/\/www.swisscos.swiss\/es\/#organization\"},\"potentialAction\":[{\"@type\":\"SearchAction\",\"target\":{\"@type\":\"EntryPoint\",\"urlTemplate\":\"https:\/\/www.swisscos.swiss\/es\/?s={search_term_string}\"},\"query-input\":{\"@type\":\"PropertyValueSpecification\",\"valueRequired\":true,\"valueName\":\"search_term_string\"}}],\"inLanguage\":\"es\"},{\"@type\":\"Organization\",\"@id\":\"https:\/\/www.swisscos.swiss\/es\/#organization\",\"name\":\"Swisscos\",\"url\":\"https:\/\/www.swisscos.swiss\/es\/\",\"logo\":{\"@type\":\"ImageObject\",\"inLanguage\":\"es\",\"@id\":\"https:\/\/www.swisscos.swiss\/es\/#\/schema\/logo\/image\/\",\"url\":\"https:\/\/www.swisscos.swiss\/wp-content\/uploads\/2022\/03\/logo-1.png\",\"contentUrl\":\"https:\/\/www.swisscos.swiss\/wp-content\/uploads\/2022\/03\/logo-1.png\",\"width\":256,\"height\":256,\"caption\":\"Swisscos\"},\"image\":{\"@id\":\"https:\/\/www.swisscos.swiss\/es\/#\/schema\/logo\/image\/\"},\"sameAs\":[\"https:\/\/www.instagram.com\/swisscos.swiss\/?hl=fr\",\"https:\/\/www.linkedin.com\/in\/swisscos\/\"]}]}<\/script>\n<!-- \/ Yoast SEO plugin. -->","yoast_head_json":{"title":"Asociaci\u00f3n - Swisscos","robots":{"index":"index","follow":"follow","max-snippet":"max-snippet:-1","max-image-preview":"max-image-preview:large","max-video-preview":"max-video-preview:-1"},"canonical":"https:\/\/www.swisscos.swiss\/es\/asociacion\/","og_locale":"es_ES","og_type":"article","og_title":"Asociaci\u00f3n - Swisscos","og_description":"[vc_row full_width=\u00bbstretch_row\u00bb content_placement=\u00bbmiddle\u00bb el_class=\u00bbbanner\u00bb css=\u00bb.vc_custom_1646670608653{background-image: url(http:\/\/www.swisscos.swiss\/wp-content\/uploads\/2022\/03\/bandeau-association-1.jpg?id=100) !important;}\u00bb][vc_column][vc_column_text] Nuestra asociaci\u00f3n swisscos [\/vc_column_text][\/vc_column][\/vc_row][vc_row full_width=\u00bbstretch_row\u00bb content_placement=\u00bbmiddle\u00bb el_class=\u00bbbanner banner-mobile\u00bb css=\u00bb.vc_custom_1647607724121{background-image: url(http:\/\/www.swisscos.swiss\/wp-content\/uploads\/2022\/03\/bandeau-association-mobile.png?id=266) !important;}\u00bb][vc_column][vc_column_text] Nuestra asociaci\u00f3n swisscos [\/vc_column_text][\/vc_column][\/vc_row][vc_row full_width=\u00bbstretch_row\u00bb el_class=\u00bbapropos\u00bb css=\u00bb.vc_custom_1646671170122{background-image: url(http:\/\/www.swisscos.swiss\/wp-content\/uploads\/2022\/03\/background-apropos-1.png?id=70) !important;}\u00bb][vc_column][vc_row_inner][vc_column_inner width=\u00bb1\/2&#8243;][vc_single_image image=\u00bb319&#8243; img_size=\u00bbfull\u00bb][\/vc_column_inner][vc_column_inner width=\u00bb1\/2&#8243;][vc_column_text] Asociaci\u00f3n para la protecci\u00f3n del origen de los cosm\u00e9ticos suizos \u00bfQui\u00e9nes somos? Bas\u00e1ndose en la legislaci\u00f3n suiza en vigor y con el apoyo de [&hellip;]","og_url":"https:\/\/www.swisscos.swiss\/es\/asociacion\/","og_site_name":"Swisscos","article_modified_time":"2022-04-13T09:34:14+00:00","twitter_card":"summary_large_image","twitter_misc":{"Tiempo de lectura":"3 minutos"},"schema":{"@context":"https:\/\/schema.org","@graph":[{"@type":"WebPage","@id":"https:\/\/www.swisscos.swiss\/es\/asociacion\/","url":"https:\/\/www.swisscos.swiss\/es\/asociacion\/","name":"Asociaci\u00f3n - Swisscos","isPartOf":{"@id":"https:\/\/www.swisscos.swiss\/es\/#website"},"datePublished":"2022-03-22T14:45:44+00:00","dateModified":"2022-04-13T09:34:14+00:00","breadcrumb":{"@id":"https:\/\/www.swisscos.swiss\/es\/asociacion\/#breadcrumb"},"inLanguage":"es","potentialAction":[{"@type":"ReadAction","target":["https:\/\/www.swisscos.swiss\/es\/asociacion\/"]}]},{"@type":"BreadcrumbList","@id":"https:\/\/www.swisscos.swiss\/es\/asociacion\/#breadcrumb","itemListElement":[{"@type":"ListItem","position":1,"name":"Accueil","item":"https:\/\/www.swisscos.swiss\/es\/"},{"@type":"ListItem","position":2,"name":"Asociaci\u00f3n"}]},{"@type":"WebSite","@id":"https:\/\/www.swisscos.swiss\/es\/#website","url":"https:\/\/www.swisscos.swiss\/es\/","name":"Swisscos","description":"Un site utilisant WordPress","publisher":{"@id":"https:\/\/www.swisscos.swiss\/es\/#organization"},"potentialAction":[{"@type":"SearchAction","target":{"@type":"EntryPoint","urlTemplate":"https:\/\/www.swisscos.swiss\/es\/?s={search_term_string}"},"query-input":{"@type":"PropertyValueSpecification","valueRequired":true,"valueName":"search_term_string"}}],"inLanguage":"es"},{"@type":"Organization","@id":"https:\/\/www.swisscos.swiss\/es\/#organization","name":"Swisscos","url":"https:\/\/www.swisscos.swiss\/es\/","logo":{"@type":"ImageObject","inLanguage":"es","@id":"https:\/\/www.swisscos.swiss\/es\/#\/schema\/logo\/image\/","url":"https:\/\/www.swisscos.swiss\/wp-content\/uploads\/2022\/03\/logo-1.png","contentUrl":"https:\/\/www.swisscos.swiss\/wp-content\/uploads\/2022\/03\/logo-1.png","width":256,"height":256,"caption":"Swisscos"},"image":{"@id":"https:\/\/www.swisscos.swiss\/es\/#\/schema\/logo\/image\/"},"sameAs":["https:\/\/www.instagram.com\/swisscos.swiss\/?hl=fr","https:\/\/www.linkedin.com\/in\/swisscos\/"]}]}},"_links":{"self":[{"href":"https:\/\/www.swisscos.swiss\/es\/wp-json\/wp\/v2\/pages\/769","targetHints":{"allow":["GET"]}}],"collection":[{"href":"https:\/\/www.swisscos.swiss\/es\/wp-json\/wp\/v2\/pages"}],"about":[{"href":"https:\/\/www.swisscos.swiss\/es\/wp-json\/wp\/v2\/types\/page"}],"author":[{"embeddable":true,"href":"https:\/\/www.swisscos.swiss\/es\/wp-json\/wp\/v2\/users\/1"}],"replies":[{"embeddable":true,"href":"https:\/\/www.swisscos.swiss\/es\/wp-json\/wp\/v2\/comments?post=769"}],"version-history":[{"count":4,"href":"https:\/\/www.swisscos.swiss\/es\/wp-json\/wp\/v2\/pages\/769\/revisions"}],"predecessor-version":[{"id":1067,"href":"https:\/\/www.swisscos.swiss\/es\/wp-json\/wp\/v2\/pages\/769\/revisions\/1067"}],"wp:attachment":[{"href":"https:\/\/www.swisscos.swiss\/es\/wp-json\/wp\/v2\/media?parent=769"}],"curies":[{"name":"wp","href":"https:\/\/api.w.org\/{rel}","templated":true}]}}