{"id":751,"date":"2022-03-22T13:40:18","date_gmt":"2022-03-22T12:40:18","guid":{"rendered":"http:\/\/www.swisscos.swiss\/?page_id=751"},"modified":"2024-06-28T11:49:10","modified_gmt":"2024-06-28T09:49:10","slug":"inicio","status":"publish","type":"page","link":"https:\/\/www.swisscos.swiss\/es\/","title":{"rendered":"Inicio"},"content":{"rendered":"<p>[vc_row full_width=\u00bbstretch_row\u00bb content_placement=\u00bbbottom\u00bb el_class=\u00bbintro top-0&#8243;][vc_column][vc_row_inner content_placement=\u00bbbottom\u00bb][vc_column_inner width=\u00bb1\/2&#8243;][vc_single_image image=\u00bb289&#8243; img_size=\u00bbfull\u00bb][\/vc_column_inner][vc_column_inner width=\u00bb1\/2&#8243;][vc_column_text]<\/p>\n<h1><strong>LA COSMETICA SUIZA:\u00a0<\/strong>U<strong>n valor seguro, bien protegido.<\/strong><\/h1>\n<p>Swisscos, asociaci\u00f3n suiza de utilidad p\u00fablica, apoyada por la confederaci\u00f3n helv\u00e9tica, le presenta las \u00faltimas informaciones en vigor sobre la utilizaci\u00f3n de la apelaci\u00f3n \u00abSwiss Made\u00bb para la cosm\u00e9tica.<\/p>\n<p><a class=\"button\" href=\"https:\/\/www.swisscos.swiss\/es\/asociacion\/\">M\u00e0s informaci\u00f3n<\/a>[\/vc_column_text][\/vc_column_inner][\/vc_row_inner][\/vc_column][\/vc_row][vc_row full_width=\u00bbstretch_row\u00bb css=\u00bb.vc_custom_1646652315883{background-image: url(http:\/\/www.swisscos.swiss\/wp-content\/uploads\/2022\/03\/fond-membre.png?id=52) !important;}\u00bb el_class=\u00bbmembres\u00bb][vc_column][vc_row_inner equal_height=\u00bbyes\u00bb][vc_column_inner width=\u00bb1\/3&#8243;][vc_column_text]<\/p>\n<h2><strong>Nuestros miembros<\/strong><\/h2>\n<p>Nuestros miembros son seleccionados entre las empresas m\u00e1s representativas de la cosm\u00e9tica suiza.<\/p>\n<p><a class=\"button\" href=\"http:\/\/www.swisscos.swiss\/es\/hacerse-miembro\/\">Hacerse miembro<\/a>[\/vc_column_text][\/vc_column_inner][vc_column_inner el_class=\u00bbwhite\u00bb width=\u00bb1\/3&#8243;][vc_single_image image=\u00bb301&#8243; img_size=\u00bbfull\u00bb alignment=\u00bbcenter\u00bb][vc_column_text]<\/p>\n<h4 style=\"text-align: center;\"><strong>Fabricantes<\/strong><\/h4>\n<p style=\"text-align: center;\">Una fabricaci\u00f3n segura y organizada que se adapta al mercado.<\/p>\n<p style=\"text-align: center;\"><a href=\"http:\/\/www.swisscos.swiss\/es\/miembros\/fabricantes\/\">Ver todos los fabricantes &gt;<\/a><\/p>\n<p>[\/vc_column_text][\/vc_column_inner][vc_column_inner el_class=\u00bbwhite\u00bb width=\u00bb1\/3&#8243;][vc_single_image image=\u00bb307&#8243; img_size=\u00bbfull\u00bb alignment=\u00bbcenter\u00bb][vc_column_text]<\/p>\n<h4 style=\"text-align: center;\"><strong>Marcas<\/strong><\/h4>\n<p style=\"text-align: center;\">Marcas reconocidas que garantizan el origen certificado suizo.<\/p>\n<p style=\"text-align: center;\"><a href=\"http:\/\/www.swisscos.swiss\/es\/miembros\/marcas\/\">Ver todas las marcas &gt;<\/a><\/p>\n<p>[\/vc_column_text][\/vc_column_inner][\/vc_row_inner][\/vc_column][\/vc_row][vc_row full_width=\u00bbstretch_row\u00bb css=\u00bb.vc_custom_1646653614727{background-image: url(http:\/\/www.swisscos.swiss\/wp-content\/uploads\/2022\/03\/background-apropos-1.png?id=70) !important;}\u00bb el_class=\u00bbapropos\u00bb][vc_column][vc_row_inner][vc_column_inner width=\u00bb1\/2&#8243;][vc_single_image image=\u00bb319&#8243; img_size=\u00bbfull\u00bb][\/vc_column_inner][vc_column_inner width=\u00bb1\/2&#8243;][vc_column_text]<\/p>\n<h2><strong>Asociaci\u00f3n para la protecci\u00f3n del origen de los cosm\u00e9ticos suizos<\/strong><\/h2>\n<p><strong>\u00bfQui\u00e9nes somos? <\/strong><\/p>\n<p>Bas\u00e1ndose en la legislaci\u00f3n suiza en vigor y con el apoyo de las Autoridades Federales suizas, la asociaci\u00f3n SWISSCOS aplica a sus miembros las reglas m\u00e1s estrictas para garantizar a sus colaboradores internacionales, as\u00ed como a sus clientes un origen suizo certificado. SWISSCOS colabora con las Autoridades Federales suizas para demandar a cualquier empresa que utilice de manera ilegal la designaci\u00f3n \u00abSwiss Made\u00bb en sus productos.[\/vc_column_text][vc_column_text el_class=\u00bbblack\u00bb]<strong>SWISSCOS significa<\/strong>:<\/p>\n<ul>\n<li>Miembros suizos<\/li>\n<li>Fabricaci\u00f3n y envasado 100 % en Suiza<\/li>\n<li>Investigaci\u00f3n y desarrollo en Suiza<\/li>\n<li>Normas de producci\u00f3n exigentes<\/li>\n<li>Calidad y tradici\u00f3n<\/li>\n<li>Responsabilidad y fiabilidad<\/li>\n<li>Notoriedad de las marcas<\/li>\n<\/ul>\n<p>[\/vc_column_text][\/vc_column_inner][\/vc_row_inner][\/vc_column][\/vc_row][vc_row full_width=\u00bbstretch_row\u00bb el_class=\u00bbgarantie\u00bb][vc_column][vc_row_inner][vc_column_inner width=\u00bb7\/12&#8243;][vc_column_text]<\/p>\n<h2><strong>Garant\u00eda suiza del origen suizo de los productos cosm\u00e9ticos. <\/strong><\/h2>\n<p>[\/vc_column_text][\/vc_column_inner][vc_column_inner width=\u00bb5\/12&#8243;][\/vc_column_inner][\/vc_row_inner][vc_row_inner][vc_column_inner width=\u00bb4\/12&#8243;][vc_column_text]Pensada para reforzar la confianza:<\/p>\n<ul>\n<li>de los clientes<\/li>\n<li>de los distribuidores<\/li>\n<li>de los importadores<\/li>\n<li>de las autoridades<\/li>\n<\/ul>\n<p><strong>En todas partes del mundo.<\/strong><\/p>\n<p>La asociaci\u00f3n SWISSCOS est\u00e1 capacitada para enjuiciar a todos los infractores o c\u00f3mplices de una infracci\u00f3n. Se considera c\u00f3mplice a todo distribuidor de productos cosm\u00e9ticos que usurpe la apelaci\u00f3n suiza.<\/p>\n<p>La distribuci\u00f3n de productos cosm\u00e9ticos que usurpe la apelaci\u00f3n Swiss, Swiss Made o Switzerland podr\u00e1 ser llevada a juicio por parte de las asociaciones a cargo de la defensa de la apelaci\u00f3n Swiss, Swiss Made o Switzerland.[\/vc_column_text][\/vc_column_inner][vc_column_inner width=\u00bb8\/12&#8243;][vc_single_image image=\u00bb332&#8243; img_size=\u00bbfull\u00bb el_class=\u00bbmap\u00bb][\/vc_column_inner][\/vc_row_inner][\/vc_column][\/vc_row]<\/p>\n","protected":false},"excerpt":{"rendered":"<p>[vc_row full_width=\u00bbstretch_row\u00bb content_placement=\u00bbbottom\u00bb el_class=\u00bbintro top-0&#8243;][vc_column][vc_row_inner content_placement=\u00bbbottom\u00bb][vc_column_inner width=\u00bb1\/2&#8243;][vc_single_image image=\u00bb289&#8243; img_size=\u00bbfull\u00bb][\/vc_column_inner][vc_column_inner width=\u00bb1\/2&#8243;][vc_column_text] LA COSMETICA SUIZA:\u00a0Un valor seguro, bien protegido. Swisscos, asociaci\u00f3n suiza de utilidad p\u00fablica, apoyada por la confederaci\u00f3n helv\u00e9tica, le presenta las \u00faltimas informaciones en vigor sobre la utilizaci\u00f3n de la apelaci\u00f3n \u00abSwiss Made\u00bb para la cosm\u00e9tica. M\u00e0s informaci\u00f3n[\/vc_column_text][\/vc_column_inner][\/vc_row_inner][\/vc_column][\/vc_row][vc_row full_width=\u00bbstretch_row\u00bb css=\u00bb.vc_custom_1646652315883{background-image: url(http:\/\/www.swisscos.swiss\/wp-content\/uploads\/2022\/03\/fond-membre.png?id=52) !important;}\u00bb el_class=\u00bbmembres\u00bb][vc_column][vc_row_inner equal_height=\u00bbyes\u00bb][vc_column_inner width=\u00bb1\/3&#8243;][vc_column_text] [&hellip;]<\/p>\n","protected":false},"author":1,"featured_media":0,"parent":0,"menu_order":0,"comment_status":"closed","ping_status":"closed","template":"","meta":{"_acf_changed":false,"footnotes":""},"class_list":["post-751","page","type-page","status-publish","hentry"],"acf":[],"yoast_head":"<!-- This site is optimized with the Yoast SEO plugin v24.3 - https:\/\/yoast.com\/wordpress\/plugins\/seo\/ -->\n<title>Inicio - Swisscos<\/title>\n<meta name=\"robots\" content=\"index, follow, max-snippet:-1, max-image-preview:large, max-video-preview:-1\" \/>\n<link rel=\"canonical\" href=\"https:\/\/www.swisscos.swiss\/es\/\" \/>\n<meta property=\"og:locale\" content=\"es_ES\" \/>\n<meta property=\"og:type\" content=\"article\" \/>\n<meta property=\"og:title\" content=\"Inicio - Swisscos\" \/>\n<meta property=\"og:description\" content=\"[vc_row full_width=\u00bbstretch_row\u00bb content_placement=\u00bbbottom\u00bb el_class=\u00bbintro top-0&#8243;][vc_column][vc_row_inner content_placement=\u00bbbottom\u00bb][vc_column_inner width=\u00bb1\/2&#8243;][vc_single_image image=\u00bb289&#8243; img_size=\u00bbfull\u00bb][\/vc_column_inner][vc_column_inner width=\u00bb1\/2&#8243;][vc_column_text] LA COSMETICA SUIZA:\u00a0Un valor seguro, bien protegido. Swisscos, asociaci\u00f3n suiza de utilidad p\u00fablica, apoyada por la confederaci\u00f3n helv\u00e9tica, le presenta las \u00faltimas informaciones en vigor sobre la utilizaci\u00f3n de la apelaci\u00f3n \u00abSwiss Made\u00bb para la cosm\u00e9tica. M\u00e0s informaci\u00f3n[\/vc_column_text][\/vc_column_inner][\/vc_row_inner][\/vc_column][\/vc_row][vc_row full_width=\u00bbstretch_row\u00bb css=\u00bb.vc_custom_1646652315883{background-image: url(http:\/\/www.swisscos.swiss\/wp-content\/uploads\/2022\/03\/fond-membre.png?id=52) !important;}\u00bb el_class=\u00bbmembres\u00bb][vc_column][vc_row_inner equal_height=\u00bbyes\u00bb][vc_column_inner width=\u00bb1\/3&#8243;][vc_column_text] [&hellip;]\" \/>\n<meta property=\"og:url\" content=\"https:\/\/www.swisscos.swiss\/es\/\" \/>\n<meta property=\"og:site_name\" content=\"Swisscos\" \/>\n<meta property=\"article:modified_time\" content=\"2024-06-28T09:49:10+00:00\" \/>\n<meta name=\"twitter:card\" content=\"summary_large_image\" \/>\n<meta name=\"twitter:label1\" content=\"Tiempo de lectura\" \/>\n\t<meta name=\"twitter:data1\" content=\"3 minutos\" \/>\n<script type=\"application\/ld+json\" class=\"yoast-schema-graph\">{\"@context\":\"https:\/\/schema.org\",\"@graph\":[{\"@type\":\"WebPage\",\"@id\":\"https:\/\/www.swisscos.swiss\/es\/\",\"url\":\"https:\/\/www.swisscos.swiss\/es\/\",\"name\":\"Inicio - Swisscos\",\"isPartOf\":{\"@id\":\"https:\/\/www.swisscos.swiss\/es\/#website\"},\"datePublished\":\"2022-03-22T12:40:18+00:00\",\"dateModified\":\"2024-06-28T09:49:10+00:00\",\"breadcrumb\":{\"@id\":\"https:\/\/www.swisscos.swiss\/es\/#breadcrumb\"},\"inLanguage\":\"es\",\"potentialAction\":[{\"@type\":\"ReadAction\",\"target\":[\"https:\/\/www.swisscos.swiss\/es\/\"]}]},{\"@type\":\"BreadcrumbList\",\"@id\":\"https:\/\/www.swisscos.swiss\/es\/#breadcrumb\",\"itemListElement\":[{\"@type\":\"ListItem\",\"position\":1,\"name\":\"Accueil\",\"item\":\"https:\/\/www.swisscos.swiss\/es\/\"},{\"@type\":\"ListItem\",\"position\":2,\"name\":\"Inicio\"}]},{\"@type\":\"WebSite\",\"@id\":\"https:\/\/www.swisscos.swiss\/es\/#website\",\"url\":\"https:\/\/www.swisscos.swiss\/es\/\",\"name\":\"Swisscos\",\"description\":\"Un site utilisant WordPress\",\"publisher\":{\"@id\":\"https:\/\/www.swisscos.swiss\/es\/#organization\"},\"potentialAction\":[{\"@type\":\"SearchAction\",\"target\":{\"@type\":\"EntryPoint\",\"urlTemplate\":\"https:\/\/www.swisscos.swiss\/es\/?s={search_term_string}\"},\"query-input\":{\"@type\":\"PropertyValueSpecification\",\"valueRequired\":true,\"valueName\":\"search_term_string\"}}],\"inLanguage\":\"es\"},{\"@type\":\"Organization\",\"@id\":\"https:\/\/www.swisscos.swiss\/es\/#organization\",\"name\":\"Swisscos\",\"url\":\"https:\/\/www.swisscos.swiss\/es\/\",\"logo\":{\"@type\":\"ImageObject\",\"inLanguage\":\"es\",\"@id\":\"https:\/\/www.swisscos.swiss\/es\/#\/schema\/logo\/image\/\",\"url\":\"https:\/\/www.swisscos.swiss\/wp-content\/uploads\/2022\/03\/logo-1.png\",\"contentUrl\":\"https:\/\/www.swisscos.swiss\/wp-content\/uploads\/2022\/03\/logo-1.png\",\"width\":256,\"height\":256,\"caption\":\"Swisscos\"},\"image\":{\"@id\":\"https:\/\/www.swisscos.swiss\/es\/#\/schema\/logo\/image\/\"},\"sameAs\":[\"https:\/\/www.instagram.com\/swisscos.swiss\/?hl=fr\",\"https:\/\/www.linkedin.com\/in\/swisscos\/\"]}]}<\/script>\n<!-- \/ Yoast SEO plugin. -->","yoast_head_json":{"title":"Inicio - Swisscos","robots":{"index":"index","follow":"follow","max-snippet":"max-snippet:-1","max-image-preview":"max-image-preview:large","max-video-preview":"max-video-preview:-1"},"canonical":"https:\/\/www.swisscos.swiss\/es\/","og_locale":"es_ES","og_type":"article","og_title":"Inicio - Swisscos","og_description":"[vc_row full_width=\u00bbstretch_row\u00bb content_placement=\u00bbbottom\u00bb el_class=\u00bbintro top-0&#8243;][vc_column][vc_row_inner content_placement=\u00bbbottom\u00bb][vc_column_inner width=\u00bb1\/2&#8243;][vc_single_image image=\u00bb289&#8243; img_size=\u00bbfull\u00bb][\/vc_column_inner][vc_column_inner width=\u00bb1\/2&#8243;][vc_column_text] LA COSMETICA SUIZA:\u00a0Un valor seguro, bien protegido. Swisscos, asociaci\u00f3n suiza de utilidad p\u00fablica, apoyada por la confederaci\u00f3n helv\u00e9tica, le presenta las \u00faltimas informaciones en vigor sobre la utilizaci\u00f3n de la apelaci\u00f3n \u00abSwiss Made\u00bb para la cosm\u00e9tica. M\u00e0s informaci\u00f3n[\/vc_column_text][\/vc_column_inner][\/vc_row_inner][\/vc_column][\/vc_row][vc_row full_width=\u00bbstretch_row\u00bb css=\u00bb.vc_custom_1646652315883{background-image: url(http:\/\/www.swisscos.swiss\/wp-content\/uploads\/2022\/03\/fond-membre.png?id=52) !important;}\u00bb el_class=\u00bbmembres\u00bb][vc_column][vc_row_inner equal_height=\u00bbyes\u00bb][vc_column_inner width=\u00bb1\/3&#8243;][vc_column_text] [&hellip;]","og_url":"https:\/\/www.swisscos.swiss\/es\/","og_site_name":"Swisscos","article_modified_time":"2024-06-28T09:49:10+00:00","twitter_card":"summary_large_image","twitter_misc":{"Tiempo de lectura":"3 minutos"},"schema":{"@context":"https:\/\/schema.org","@graph":[{"@type":"WebPage","@id":"https:\/\/www.swisscos.swiss\/es\/","url":"https:\/\/www.swisscos.swiss\/es\/","name":"Inicio - Swisscos","isPartOf":{"@id":"https:\/\/www.swisscos.swiss\/es\/#website"},"datePublished":"2022-03-22T12:40:18+00:00","dateModified":"2024-06-28T09:49:10+00:00","breadcrumb":{"@id":"https:\/\/www.swisscos.swiss\/es\/#breadcrumb"},"inLanguage":"es","potentialAction":[{"@type":"ReadAction","target":["https:\/\/www.swisscos.swiss\/es\/"]}]},{"@type":"BreadcrumbList","@id":"https:\/\/www.swisscos.swiss\/es\/#breadcrumb","itemListElement":[{"@type":"ListItem","position":1,"name":"Accueil","item":"https:\/\/www.swisscos.swiss\/es\/"},{"@type":"ListItem","position":2,"name":"Inicio"}]},{"@type":"WebSite","@id":"https:\/\/www.swisscos.swiss\/es\/#website","url":"https:\/\/www.swisscos.swiss\/es\/","name":"Swisscos","description":"Un site utilisant WordPress","publisher":{"@id":"https:\/\/www.swisscos.swiss\/es\/#organization"},"potentialAction":[{"@type":"SearchAction","target":{"@type":"EntryPoint","urlTemplate":"https:\/\/www.swisscos.swiss\/es\/?s={search_term_string}"},"query-input":{"@type":"PropertyValueSpecification","valueRequired":true,"valueName":"search_term_string"}}],"inLanguage":"es"},{"@type":"Organization","@id":"https:\/\/www.swisscos.swiss\/es\/#organization","name":"Swisscos","url":"https:\/\/www.swisscos.swiss\/es\/","logo":{"@type":"ImageObject","inLanguage":"es","@id":"https:\/\/www.swisscos.swiss\/es\/#\/schema\/logo\/image\/","url":"https:\/\/www.swisscos.swiss\/wp-content\/uploads\/2022\/03\/logo-1.png","contentUrl":"https:\/\/www.swisscos.swiss\/wp-content\/uploads\/2022\/03\/logo-1.png","width":256,"height":256,"caption":"Swisscos"},"image":{"@id":"https:\/\/www.swisscos.swiss\/es\/#\/schema\/logo\/image\/"},"sameAs":["https:\/\/www.instagram.com\/swisscos.swiss\/?hl=fr","https:\/\/www.linkedin.com\/in\/swisscos\/"]}]}},"_links":{"self":[{"href":"https:\/\/www.swisscos.swiss\/es\/wp-json\/wp\/v2\/pages\/751","targetHints":{"allow":["GET"]}}],"collection":[{"href":"https:\/\/www.swisscos.swiss\/es\/wp-json\/wp\/v2\/pages"}],"about":[{"href":"https:\/\/www.swisscos.swiss\/es\/wp-json\/wp\/v2\/types\/page"}],"author":[{"embeddable":true,"href":"https:\/\/www.swisscos.swiss\/es\/wp-json\/wp\/v2\/users\/1"}],"replies":[{"embeddable":true,"href":"https:\/\/www.swisscos.swiss\/es\/wp-json\/wp\/v2\/comments?post=751"}],"version-history":[{"count":6,"href":"https:\/\/www.swisscos.swiss\/es\/wp-json\/wp\/v2\/pages\/751\/revisions"}],"predecessor-version":[{"id":1591,"href":"https:\/\/www.swisscos.swiss\/es\/wp-json\/wp\/v2\/pages\/751\/revisions\/1591"}],"wp:attachment":[{"href":"https:\/\/www.swisscos.swiss\/es\/wp-json\/wp\/v2\/media?parent=751"}],"curies":[{"name":"wp","href":"https:\/\/api.w.org\/{rel}","templated":true}]}}