{"id":722,"date":"2022-03-22T11:06:09","date_gmt":"2022-03-22T10:06:09","guid":{"rendered":"http:\/\/www.swisscos.swiss\/?page_id=722"},"modified":"2022-03-22T11:06:09","modified_gmt":"2022-03-22T10:06:09","slug":"marken","status":"publish","type":"page","link":"https:\/\/www.swisscos.swiss\/de\/mitglieder\/marken\/","title":{"rendered":"Marken"},"content":{"rendered":"<p>[vc_row full_width=&#8220;stretch_row&#8220; content_placement=&#8220;middle&#8220; el_class=&#8220;banner&#8220; css=&#8220;.vc_custom_1646743559740{background-image: url(http:\/\/www.swisscos.swiss\/wp-content\/uploads\/2022\/03\/background-membres.jpg?id=135) !important;}&#8220;][vc_column][vc_column_text]<\/p>\n<h2 style=\"text-align: center;\"><strong>Unsere Mitglieder<\/strong><\/h2>\n<h3 style=\"text-align: center;\">Marken<\/h3>\n<p>[\/vc_column_text][\/vc_column][\/vc_row][vc_row full_width=&#8220;stretch_row&#8220; content_placement=&#8220;middle&#8220; el_class=&#8220;banner-mobile banner&#8220; css=&#8220;.vc_custom_1647607843621{background-image: url(http:\/\/www.swisscos.swiss\/wp-content\/uploads\/2022\/03\/background-membres-mobile.png?id=270) !important;}&#8220;][vc_column][vc_column_text]<\/p>\n<h2 style=\"text-align: center;\"><strong>Unsere Mitglieder<\/strong><\/h2>\n<h3 style=\"text-align: center;\">Marken<\/h3>\n<p>[\/vc_column_text][\/vc_column][\/vc_row][vc_row][vc_column]<div class='membres'><div class='row'><div class='col-lg-3 col-6 membre'><a href='https:\/\/www.swisscos.swiss\/de\/membre\/72k\/'><\/a><div class='logo d-flex align-items-center justify-content-center flex-column'><img src='https:\/\/www.swisscos.swiss\/wp-content\/uploads\/2024\/05\/LOGO_72k.jpg' \/><\/div><div class='titre'>72k<\/div><\/div><div class='col-lg-3 col-6 membre'><a href='https:\/\/www.swisscos.swiss\/de\/membre\/laboratoires-biologiques-arval-s-a-3\/'><\/a><div class='logo d-flex align-items-center justify-content-center flex-column'><img src='https:\/\/www.swisscos.swiss\/wp-content\/uploads\/2022\/03\/LOGO_Cellcosmet_NEW.jpg' \/><\/div><div class='titre'>CELLAP LABORATOIRE SA<\/div><\/div><div class='col-lg-3 col-6 membre'><a href='https:\/\/www.swisscos.swiss\/de\/membre\/laboratoires-biologiques-arval-s-a-13\/'><\/a><div class='logo d-flex align-items-center justify-content-center flex-column'><img src='https:\/\/www.swisscos.swiss\/wp-content\/uploads\/2022\/03\/Swiss_line.jpg' \/><\/div><div class='titre'>Dermalab<\/div><\/div><div class='col-lg-3 col-6 membre'><a href='https:\/\/www.swisscos.swiss\/de\/membre\/dr-levy-switzerland\/'><\/a><div class='logo d-flex align-items-center justify-content-center flex-column'><img src='https:\/\/www.swisscos.swiss\/wp-content\/uploads\/2024\/01\/LOGO_Dr-Levy_NEW.jpg' \/><\/div><div class='titre'>Dr Levy Switzerland<\/div><\/div><\/div><div class='row'><div class='col-lg-3 col-6 membre'><a href='https:\/\/www.swisscos.swiss\/de\/membre\/evoe\/'><\/a><div class='logo d-flex align-items-center justify-content-center flex-column'><img src='https:\/\/www.swisscos.swiss\/wp-content\/uploads\/2026\/02\/LOGO_Evoe.jpg' \/><\/div><div class='titre'>Evo\u00e9<\/div><\/div><div class='col-lg-3 col-6 membre'><a href='https:\/\/www.swisscos.swiss\/de\/membre\/laboratoires-biologiques-arval-s-a-8\/'><\/a><div class='logo d-flex align-items-center justify-content-center flex-column'><img src='https:\/\/www.swisscos.swiss\/wp-content\/uploads\/2022\/03\/jouvence_eternelle.png' \/><\/div><div class='titre'>Jouvence Eternelle<\/div><\/div><div class='col-lg-3 col-6 membre'><a href='https:\/\/www.swisscos.swiss\/de\/membre\/kart-1979\/'><\/a><div class='logo d-flex align-items-center justify-content-center flex-column'><img src='https:\/\/www.swisscos.swiss\/wp-content\/uploads\/2026\/02\/LOGO_Kart.jpg' \/><\/div><div class='titre'>KART 1979<\/div><\/div><div class='col-lg-3 col-6 membre'><a href='https:\/\/www.swisscos.swiss\/de\/membre\/laboratoires-biologiques-arval-s-a-5\/'><\/a><div class='logo d-flex align-items-center justify-content-center flex-column'><img src='https:\/\/www.swisscos.swiss\/wp-content\/uploads\/2022\/03\/LaPeau.png' \/><\/div><div class='titre'>LA PEAU by BeFutur Suisse SA<\/div><\/div><\/div><div class='row'><div class='col-lg-3 col-6 membre'><a href='https:\/\/www.swisscos.swiss\/de\/membre\/la-villosa\/'><\/a><div class='logo d-flex align-items-center justify-content-center flex-column'><img src='https:\/\/www.swisscos.swiss\/wp-content\/uploads\/2023\/10\/LOGO_La-Villosa.jpg' \/><\/div><div class='titre'>La Villosa<\/div><\/div><div class='col-lg-3 col-6 membre'><a href='https:\/\/www.swisscos.swiss\/de\/membre\/laboratoires-biologiques-arval-s-a-9\/'><\/a><div class='logo d-flex align-items-center justify-content-center flex-column'><img src='https:\/\/www.swisscos.swiss\/wp-content\/uploads\/2022\/03\/HORMETA.png' \/><\/div><div class='titre'>Laboratoire HORMETA SA<\/div><\/div><div class='col-lg-3 col-6 membre'><a href='https:\/\/www.swisscos.swiss\/de\/membre\/laboratoires-biologiques-arval-s-a-2\/'><\/a><div class='logo d-flex align-items-center justify-content-center flex-column'><img src='https:\/\/www.swisscos.swiss\/wp-content\/uploads\/2022\/03\/bioligo-2.png' \/><\/div><div class='titre'>Laboratoires Bioligo SA<\/div><\/div><div class='col-lg-3 col-6 membre'><a href='https:\/\/www.swisscos.swiss\/de\/membre\/laboratoires-genolier-sa\/'><\/a><div class='logo d-flex align-items-center justify-content-center flex-column'><img src='https:\/\/www.swisscos.swiss\/wp-content\/uploads\/2022\/03\/nescens.png' \/><\/div><div class='titre'>LABORATOIRES GENOLIER SA<\/div><\/div><\/div><div class='row'><div class='col-lg-3 col-6 membre'><a href='https:\/\/www.swisscos.swiss\/de\/membre\/laboratoires-biologiques-arval-s-a-10\/'><\/a><div class='logo d-flex align-items-center justify-content-center flex-column'><img src='https:\/\/www.swisscos.swiss\/wp-content\/uploads\/2022\/03\/Helenere.png' \/><\/div><div class='titre'>Les Laboratoires H\u00e9l\u00e9n\u00e8re SA<\/div><\/div><div class='col-lg-3 col-6 membre'><a href='https:\/\/www.swisscos.swiss\/de\/membre\/laboratoires-biologiques-arval-s-a-4\/'><\/a><div class='logo d-flex align-items-center justify-content-center flex-column'><img src='https:\/\/www.swisscos.swiss\/wp-content\/uploads\/2026\/02\/LOGO_Mavala.jpg' \/><\/div><div class='titre'>Mavala International<\/div><\/div><div class='col-lg-3 col-6 membre'><a href='https:\/\/www.swisscos.swiss\/de\/membre\/montreux-skincare\/'><\/a><div class='logo d-flex align-items-center justify-content-center flex-column'><img src='https:\/\/www.swisscos.swiss\/wp-content\/uploads\/2022\/10\/LOGO_Montreux_Skin-care.jpg' \/><\/div><div class='titre'>Montreux Skincare<\/div><\/div><div class='col-lg-3 col-6 membre'><a href='https:\/\/www.swisscos.swiss\/de\/membre\/laboratoires-biologiques-arval-s-a-7\/'><\/a><div class='logo d-flex align-items-center justify-content-center flex-column'><img src='https:\/\/www.swisscos.swiss\/wp-content\/uploads\/2022\/03\/Illyssia.png' \/><\/div><div class='titre'>O.D.M. DIFFUSIONS COSM\u00c9TIQUES S.A.<\/div><\/div><\/div><div class='row'><div class='col-lg-3 col-6 membre'><a href='https:\/\/www.swisscos.swiss\/de\/membre\/pp-produits-prestiges-sa\/'><\/a><div class='logo d-flex align-items-center justify-content-center flex-column'><img src='https:\/\/www.swisscos.swiss\/wp-content\/uploads\/2023\/03\/LOGO_SwissPerfection.jpg' \/><\/div><div class='titre'>PP Produits Prestiges SA<\/div><\/div><div class='col-lg-3 col-6 membre'><a href='https:\/\/www.swisscos.swiss\/de\/membre\/silhouet-tone-suisse-sa\/'><\/a><div class='logo d-flex align-items-center justify-content-center flex-column'><img src='https:\/\/www.swisscos.swiss\/wp-content\/uploads\/2022\/03\/vivescence.png' \/><\/div><div class='titre'>Silhouet-Tone (Suisse) SA<\/div><\/div><div class='col-lg-3 col-6 membre'><a href='https:\/\/www.swisscos.swiss\/de\/membre\/skinminute-diffulice-sarl\/'><\/a><div class='logo d-flex align-items-center justify-content-center flex-column'><img src='https:\/\/www.swisscos.swiss\/wp-content\/uploads\/2022\/03\/LOGO_SKIN-MINUTE.jpg' \/><\/div><div class='titre'>SKIN\u2019MINUTE<\/div><\/div><div class='col-lg-3 col-6 membre'><a href='https:\/\/www.swisscos.swiss\/de\/membre\/swisskin\/'><\/a><div class='logo d-flex align-items-center justify-content-center flex-column'><img src='https:\/\/www.swisscos.swiss\/wp-content\/uploads\/2024\/05\/LOGO_SwissSkin.jpg' \/><\/div><div class='titre'>SWISSKIN<\/div><\/div><\/div><div class='row'><div class='col-lg-3 col-6 membre'><a href='https:\/\/www.swisscos.swiss\/de\/membre\/swisso-logical\/'><\/a><div class='logo d-flex align-items-center justify-content-center flex-column'><img src='https:\/\/www.swisscos.swiss\/wp-content\/uploads\/2026\/02\/LOGO_Swisso_Logical.jpg' \/><\/div><div class='titre'>Swisso Logical<\/div><\/div><\/div><\/div>[\/vc_column][\/vc_row]<\/p>\n","protected":false},"excerpt":{"rendered":"<p>[vc_row full_width=&#8220;stretch_row&#8220; content_placement=&#8220;middle&#8220; el_class=&#8220;banner&#8220; css=&#8220;.vc_custom_1646743559740{background-image: url(http:\/\/www.swisscos.swiss\/wp-content\/uploads\/2022\/03\/background-membres.jpg?id=135) !important;}&#8220;][vc_column][vc_column_text] Unsere Mitglieder Marken [\/vc_column_text][\/vc_column][\/vc_row][vc_row full_width=&#8220;stretch_row&#8220; content_placement=&#8220;middle&#8220; el_class=&#8220;banner-mobile banner&#8220; css=&#8220;.vc_custom_1647607843621{background-image: url(http:\/\/www.swisscos.swiss\/wp-content\/uploads\/2022\/03\/background-membres-mobile.png?id=270) !important;}&#8220;][vc_column][vc_column_text] Unsere Mitglieder Marken [\/vc_column_text][\/vc_column][\/vc_row][vc_row][vc_column][\/vc_column][\/vc_row]<\/p>\n","protected":false},"author":1,"featured_media":0,"parent":720,"menu_order":0,"comment_status":"closed","ping_status":"closed","template":"","meta":{"_acf_changed":false,"footnotes":""},"class_list":["post-722","page","type-page","status-publish","hentry"],"acf":[],"yoast_head":"<!-- This site is optimized with the Yoast SEO plugin v24.3 - https:\/\/yoast.com\/wordpress\/plugins\/seo\/ -->\n<title>Marken - Swisscos<\/title>\n<meta name=\"robots\" content=\"index, follow, max-snippet:-1, max-image-preview:large, max-video-preview:-1\" \/>\n<link rel=\"canonical\" href=\"https:\/\/www.swisscos.swiss\/de\/mitglieder\/marken\/\" \/>\n<meta property=\"og:locale\" content=\"de_DE\" \/>\n<meta property=\"og:type\" content=\"article\" \/>\n<meta property=\"og:title\" content=\"Marken - Swisscos\" \/>\n<meta property=\"og:description\" content=\"[vc_row full_width=&#8220;stretch_row&#8220; content_placement=&#8220;middle&#8220; el_class=&#8220;banner&#8220; css=&#8220;.vc_custom_1646743559740{background-image: url(http:\/\/www.swisscos.swiss\/wp-content\/uploads\/2022\/03\/background-membres.jpg?id=135) !important;}&#8220;][vc_column][vc_column_text] Unsere Mitglieder Marken [\/vc_column_text][\/vc_column][\/vc_row][vc_row full_width=&#8220;stretch_row&#8220; content_placement=&#8220;middle&#8220; el_class=&#8220;banner-mobile banner&#8220; css=&#8220;.vc_custom_1647607843621{background-image: url(http:\/\/www.swisscos.swiss\/wp-content\/uploads\/2022\/03\/background-membres-mobile.png?id=270) !important;}&#8220;][vc_column][vc_column_text] Unsere Mitglieder Marken [\/vc_column_text][\/vc_column][\/vc_row][vc_row][vc_column][\/vc_column][\/vc_row]\" \/>\n<meta property=\"og:url\" content=\"https:\/\/www.swisscos.swiss\/de\/mitglieder\/marken\/\" \/>\n<meta property=\"og:site_name\" content=\"Swisscos\" \/>\n<meta name=\"twitter:card\" content=\"summary_large_image\" \/>\n<script type=\"application\/ld+json\" class=\"yoast-schema-graph\">{\"@context\":\"https:\/\/schema.org\",\"@graph\":[{\"@type\":\"WebPage\",\"@id\":\"https:\/\/www.swisscos.swiss\/de\/mitglieder\/marken\/\",\"url\":\"https:\/\/www.swisscos.swiss\/de\/mitglieder\/marken\/\",\"name\":\"Marken - Swisscos\",\"isPartOf\":{\"@id\":\"https:\/\/www.swisscos.swiss\/de\/#website\"},\"datePublished\":\"2022-03-22T10:06:09+00:00\",\"dateModified\":\"2022-03-22T10:06:09+00:00\",\"breadcrumb\":{\"@id\":\"https:\/\/www.swisscos.swiss\/de\/mitglieder\/marken\/#breadcrumb\"},\"inLanguage\":\"de\",\"potentialAction\":[{\"@type\":\"ReadAction\",\"target\":[\"https:\/\/www.swisscos.swiss\/de\/mitglieder\/marken\/\"]}]},{\"@type\":\"BreadcrumbList\",\"@id\":\"https:\/\/www.swisscos.swiss\/de\/mitglieder\/marken\/#breadcrumb\",\"itemListElement\":[{\"@type\":\"ListItem\",\"position\":1,\"name\":\"Accueil\",\"item\":\"https:\/\/www.swisscos.swiss\/de\/\"},{\"@type\":\"ListItem\",\"position\":2,\"name\":\"Mitglieder\",\"item\":\"https:\/\/www.swisscos.swiss\/de\/mitglieder\/\"},{\"@type\":\"ListItem\",\"position\":3,\"name\":\"Marken\"}]},{\"@type\":\"WebSite\",\"@id\":\"https:\/\/www.swisscos.swiss\/de\/#website\",\"url\":\"https:\/\/www.swisscos.swiss\/de\/\",\"name\":\"Swisscos\",\"description\":\"Un site utilisant WordPress\",\"publisher\":{\"@id\":\"https:\/\/www.swisscos.swiss\/de\/#organization\"},\"potentialAction\":[{\"@type\":\"SearchAction\",\"target\":{\"@type\":\"EntryPoint\",\"urlTemplate\":\"https:\/\/www.swisscos.swiss\/de\/?s={search_term_string}\"},\"query-input\":{\"@type\":\"PropertyValueSpecification\",\"valueRequired\":true,\"valueName\":\"search_term_string\"}}],\"inLanguage\":\"de\"},{\"@type\":\"Organization\",\"@id\":\"https:\/\/www.swisscos.swiss\/de\/#organization\",\"name\":\"Swisscos\",\"url\":\"https:\/\/www.swisscos.swiss\/de\/\",\"logo\":{\"@type\":\"ImageObject\",\"inLanguage\":\"de\",\"@id\":\"https:\/\/www.swisscos.swiss\/de\/#\/schema\/logo\/image\/\",\"url\":\"https:\/\/www.swisscos.swiss\/wp-content\/uploads\/2022\/03\/logo-1.png\",\"contentUrl\":\"https:\/\/www.swisscos.swiss\/wp-content\/uploads\/2022\/03\/logo-1.png\",\"width\":256,\"height\":256,\"caption\":\"Swisscos\"},\"image\":{\"@id\":\"https:\/\/www.swisscos.swiss\/de\/#\/schema\/logo\/image\/\"},\"sameAs\":[\"https:\/\/www.instagram.com\/swisscos.swiss\/?hl=fr\",\"https:\/\/www.linkedin.com\/in\/swisscos\/\"]}]}<\/script>\n<!-- \/ Yoast SEO plugin. -->","yoast_head_json":{"title":"Marken - Swisscos","robots":{"index":"index","follow":"follow","max-snippet":"max-snippet:-1","max-image-preview":"max-image-preview:large","max-video-preview":"max-video-preview:-1"},"canonical":"https:\/\/www.swisscos.swiss\/de\/mitglieder\/marken\/","og_locale":"de_DE","og_type":"article","og_title":"Marken - Swisscos","og_description":"[vc_row full_width=&#8220;stretch_row&#8220; content_placement=&#8220;middle&#8220; el_class=&#8220;banner&#8220; css=&#8220;.vc_custom_1646743559740{background-image: url(http:\/\/www.swisscos.swiss\/wp-content\/uploads\/2022\/03\/background-membres.jpg?id=135) !important;}&#8220;][vc_column][vc_column_text] Unsere Mitglieder Marken [\/vc_column_text][\/vc_column][\/vc_row][vc_row full_width=&#8220;stretch_row&#8220; content_placement=&#8220;middle&#8220; el_class=&#8220;banner-mobile banner&#8220; css=&#8220;.vc_custom_1647607843621{background-image: url(http:\/\/www.swisscos.swiss\/wp-content\/uploads\/2022\/03\/background-membres-mobile.png?id=270) !important;}&#8220;][vc_column][vc_column_text] Unsere Mitglieder Marken [\/vc_column_text][\/vc_column][\/vc_row][vc_row][vc_column][\/vc_column][\/vc_row]","og_url":"https:\/\/www.swisscos.swiss\/de\/mitglieder\/marken\/","og_site_name":"Swisscos","twitter_card":"summary_large_image","schema":{"@context":"https:\/\/schema.org","@graph":[{"@type":"WebPage","@id":"https:\/\/www.swisscos.swiss\/de\/mitglieder\/marken\/","url":"https:\/\/www.swisscos.swiss\/de\/mitglieder\/marken\/","name":"Marken - Swisscos","isPartOf":{"@id":"https:\/\/www.swisscos.swiss\/de\/#website"},"datePublished":"2022-03-22T10:06:09+00:00","dateModified":"2022-03-22T10:06:09+00:00","breadcrumb":{"@id":"https:\/\/www.swisscos.swiss\/de\/mitglieder\/marken\/#breadcrumb"},"inLanguage":"de","potentialAction":[{"@type":"ReadAction","target":["https:\/\/www.swisscos.swiss\/de\/mitglieder\/marken\/"]}]},{"@type":"BreadcrumbList","@id":"https:\/\/www.swisscos.swiss\/de\/mitglieder\/marken\/#breadcrumb","itemListElement":[{"@type":"ListItem","position":1,"name":"Accueil","item":"https:\/\/www.swisscos.swiss\/de\/"},{"@type":"ListItem","position":2,"name":"Mitglieder","item":"https:\/\/www.swisscos.swiss\/de\/mitglieder\/"},{"@type":"ListItem","position":3,"name":"Marken"}]},{"@type":"WebSite","@id":"https:\/\/www.swisscos.swiss\/de\/#website","url":"https:\/\/www.swisscos.swiss\/de\/","name":"Swisscos","description":"Un site utilisant WordPress","publisher":{"@id":"https:\/\/www.swisscos.swiss\/de\/#organization"},"potentialAction":[{"@type":"SearchAction","target":{"@type":"EntryPoint","urlTemplate":"https:\/\/www.swisscos.swiss\/de\/?s={search_term_string}"},"query-input":{"@type":"PropertyValueSpecification","valueRequired":true,"valueName":"search_term_string"}}],"inLanguage":"de"},{"@type":"Organization","@id":"https:\/\/www.swisscos.swiss\/de\/#organization","name":"Swisscos","url":"https:\/\/www.swisscos.swiss\/de\/","logo":{"@type":"ImageObject","inLanguage":"de","@id":"https:\/\/www.swisscos.swiss\/de\/#\/schema\/logo\/image\/","url":"https:\/\/www.swisscos.swiss\/wp-content\/uploads\/2022\/03\/logo-1.png","contentUrl":"https:\/\/www.swisscos.swiss\/wp-content\/uploads\/2022\/03\/logo-1.png","width":256,"height":256,"caption":"Swisscos"},"image":{"@id":"https:\/\/www.swisscos.swiss\/de\/#\/schema\/logo\/image\/"},"sameAs":["https:\/\/www.instagram.com\/swisscos.swiss\/?hl=fr","https:\/\/www.linkedin.com\/in\/swisscos\/"]}]}},"_links":{"self":[{"href":"https:\/\/www.swisscos.swiss\/de\/wp-json\/wp\/v2\/pages\/722","targetHints":{"allow":["GET"]}}],"collection":[{"href":"https:\/\/www.swisscos.swiss\/de\/wp-json\/wp\/v2\/pages"}],"about":[{"href":"https:\/\/www.swisscos.swiss\/de\/wp-json\/wp\/v2\/types\/page"}],"author":[{"embeddable":true,"href":"https:\/\/www.swisscos.swiss\/de\/wp-json\/wp\/v2\/users\/1"}],"replies":[{"embeddable":true,"href":"https:\/\/www.swisscos.swiss\/de\/wp-json\/wp\/v2\/comments?post=722"}],"version-history":[{"count":1,"href":"https:\/\/www.swisscos.swiss\/de\/wp-json\/wp\/v2\/pages\/722\/revisions"}],"predecessor-version":[{"id":723,"href":"https:\/\/www.swisscos.swiss\/de\/wp-json\/wp\/v2\/pages\/722\/revisions\/723"}],"up":[{"embeddable":true,"href":"https:\/\/www.swisscos.swiss\/de\/wp-json\/wp\/v2\/pages\/720"}],"wp:attachment":[{"href":"https:\/\/www.swisscos.swiss\/de\/wp-json\/wp\/v2\/media?parent=722"}],"curies":[{"name":"wp","href":"https:\/\/api.w.org\/{rel}","templated":true}]}}